{"id":640,"date":"2021-05-26T22:06:21","date_gmt":"2021-05-26T22:06:21","guid":{"rendered":"https:\/\/robustex.com.tr\/?page_id=640"},"modified":"2021-09-14T07:57:17","modified_gmt":"2021-09-14T07:57:17","slug":"ex-proof-limit-switch-2","status":"publish","type":"page","link":"https:\/\/www.robustex.com.tr\/en\/ex-proof-limit-switch-2\/","title":{"rendered":"Ex Proof Limit Switch"},"content":{"rendered":"<div data-elementor-type=\"wp-page\" data-elementor-id=\"640\" class=\"elementor elementor-640\">\n\t\t\t\t\t\t<section class=\"elementor-section elementor-top-section elementor-element elementor-element-d939968 elementor-section-full_width elementor-section-stretched elementor-hidden-desktop elementor-hidden-tablet elementor-section-height-default elementor-section-height-default\" data-id=\"d939968\" data-element_type=\"section\" data-settings=\"{&quot;stretch_section&quot;:&quot;section-stretched&quot;,&quot;background_background&quot;:&quot;classic&quot;,&quot;_ha_eqh_enable&quot;:false}\">\n\t\t\t\t\t\t<div class=\"elementor-container elementor-column-gap-default\">\n\t\t\t\t\t<div class=\"elementor-column elementor-col-100 elementor-top-column elementor-element elementor-element-6d00e59\" data-id=\"6d00e59\" data-element_type=\"column\">\n\t\t\t<div class=\"elementor-widget-wrap elementor-element-populated\">\n\t\t\t\t\t\t<div class=\"elementor-element elementor-element-6d26c3b elementor-widget elementor-widget-text-editor\" data-id=\"6d26c3b\" data-element_type=\"widget\" data-widget_type=\"text-editor.default\">\n\t\t\t\t<div class=\"elementor-widget-container\">\n\t\t\t\t\t\t\t<div class=\"trp_language_switcher_shortcode\">\n<div class=\"trp-language-switcher trp-language-switcher-container\" data-no-translation>\n    <div class=\"trp-ls-shortcode-current-language\">\n        <a href=\"#\" class=\"trp-ls-shortcode-disabled-language trp-ls-disabled-language\" title=\"English\" onclick=\"event.preventDefault()\">\n\t\t\t<img decoding=\"async\" class=\"trp-flag-image\" src=\"https:\/\/www.robustex.com.tr\/wp-content\/plugins\/translatepress-multilingual\/assets\/images\/flags\/en_US.png\" width=\"18\" height=\"12\" alt=\"en_US\" title=\"English\"> EN\t\t<\/a>\n    <\/div>\n    <div class=\"trp-ls-shortcode-language\">\n                <a href=\"#\" class=\"trp-ls-shortcode-disabled-language trp-ls-disabled-language\"  title=\"English\" onclick=\"event.preventDefault()\">\n\t\t\t<img decoding=\"async\" class=\"trp-flag-image\" src=\"https:\/\/www.robustex.com.tr\/wp-content\/plugins\/translatepress-multilingual\/assets\/images\/flags\/en_US.png\" width=\"18\" height=\"12\" alt=\"en_US\" title=\"English\"> EN\t\t<\/a>\n                    <a href=\"https:\/\/www.robustex.com.tr\/wp-json\/wp\/v2\/pages\/640\/\" title=\"Turkish\">\n            <img decoding=\"async\" class=\"trp-flag-image\" src=\"https:\/\/www.robustex.com.tr\/wp-content\/plugins\/translatepress-multilingual\/assets\/images\/flags\/tr_TR.png\" width=\"18\" height=\"12\" alt=\"tr_TR\" title=\"Turkish\"> TR        <\/a>\n\n        <\/div>\n    <script type=\"application\/javascript\">\n        \/\/ need to have the same with set from JS on both divs. Otherwise it can push stuff around in HTML\n        var trp_ls_shortcodes = document.querySelectorAll('.trp_language_switcher_shortcode .trp-language-switcher');\n        if ( trp_ls_shortcodes.length > 0) {\n            \/\/ get the last language switcher added\n            var trp_el = trp_ls_shortcodes[trp_ls_shortcodes.length - 1];\n\n            var trp_shortcode_language_item = trp_el.querySelector( '.trp-ls-shortcode-language' )\n            \/\/ set width\n            var trp_ls_shortcode_width                                               = trp_shortcode_language_item.offsetWidth + 16;\n            trp_shortcode_language_item.style.width                                  = trp_ls_shortcode_width + 'px';\n            trp_el.querySelector( '.trp-ls-shortcode-current-language' ).style.width = trp_ls_shortcode_width + 'px';\n\n            \/\/ We're putting this on display: none after we have its width.\n            trp_shortcode_language_item.style.display = 'none';\n        }\n    <\/script>\n<\/div>\n<\/div>\t\t\t\t\t\t<\/div>\n\t\t\t\t<\/div>\n\t\t\t\t\t<\/div>\n\t\t<\/div>\n\t\t\t\t\t<\/div>\n\t\t<\/section>\n\t\t\t\t<section class=\"elementor-section elementor-top-section elementor-element elementor-element-777d91d elementor-section-full_width elementor-section-stretched elementor-section-height-default elementor-section-height-default\" data-id=\"777d91d\" data-element_type=\"section\" data-settings=\"{&quot;stretch_section&quot;:&quot;section-stretched&quot;,&quot;background_background&quot;:&quot;gradient&quot;,&quot;_ha_eqh_enable&quot;:false}\">\n\t\t\t\t\t\t<div class=\"elementor-container elementor-column-gap-default\">\n\t\t\t\t\t<div class=\"elementor-column elementor-col-100 elementor-top-column elementor-element elementor-element-d882e80\" data-id=\"d882e80\" data-element_type=\"column\">\n\t\t\t<div class=\"elementor-widget-wrap elementor-element-populated\">\n\t\t\t\t\t\t<div class=\"elementor-element elementor-element-52e83a1 elementor-widget elementor-widget-sina_title\" data-id=\"52e83a1\" data-element_type=\"widget\" data-widget_type=\"sina_title.default\">\n\t\t\t\t<div class=\"elementor-widget-container\">\n\t\t\t\t\t<div class=\"sina-title\">\r\n\t\t\t\r\n\t\t\t\t\t\t\t<h2 class=\"sina-title-title\">Ex Proof Limit Switch<\/h2>\t\t\t\r\n\t\t\t\r\n\t\t\t\r\n\t\t\t\t\t<\/div><!-- .sina-title -->\r\n\t\t\t\t<\/div>\n\t\t\t\t<\/div>\n\t\t\t\t\t<\/div>\n\t\t<\/div>\n\t\t\t\t\t<\/div>\n\t\t<\/section>\n\t\t\t\t<section class=\"elementor-section elementor-top-section elementor-element elementor-element-30ef6aa2 elementor-section-height-min-height elementor-section-content-middle elementor-section-full_width elementor-section-stretched elementor-section-height-default elementor-section-items-middle\" data-id=\"30ef6aa2\" data-element_type=\"section\" data-settings=\"{&quot;background_background&quot;:&quot;classic&quot;,&quot;stretch_section&quot;:&quot;section-stretched&quot;,&quot;_ha_eqh_enable&quot;:false}\">\n\t\t\t\t\t\t\t<div class=\"elementor-background-overlay\"><\/div>\n\t\t\t\t\t\t\t<div class=\"elementor-container elementor-column-gap-default\">\n\t\t\t\t\t<div class=\"elementor-column elementor-col-100 elementor-top-column elementor-element elementor-element-28ffb6ad\" data-id=\"28ffb6ad\" data-element_type=\"column\">\n\t\t\t<div class=\"elementor-widget-wrap elementor-element-populated\">\n\t\t\t\t\t\t<section class=\"elementor-section elementor-top-section elementor-element elementor-element-4eadf871 elementor-section-boxed elementor-section-height-default elementor-section-height-default\" data-id=\"4eadf871\" data-element_type=\"section\" data-settings=\"{&quot;background_background&quot;:&quot;classic&quot;,&quot;_ha_eqh_enable&quot;:false}\">\n\t\t\t\t\t\t<div class=\"elementor-container elementor-column-gap-default\">\n\t\t\t\t\t<div class=\"elementor-column elementor-col-50 elementor-top-column elementor-element elementor-element-224af076\" data-id=\"224af076\" data-element_type=\"column\">\n\t\t\t<div class=\"elementor-widget-wrap elementor-element-populated\">\n\t\t\t\t\t\t<section class=\"elementor-section elementor-top-section elementor-element elementor-element-29e2c04c elementor-section-boxed elementor-section-height-default elementor-section-height-default\" data-id=\"29e2c04c\" data-element_type=\"section\" data-settings=\"{&quot;_ha_eqh_enable&quot;:false}\">\n\t\t\t\t\t\t<div class=\"elementor-container elementor-column-gap-default\">\n\t\t\t\t\t<div class=\"elementor-column elementor-col-100 elementor-top-column elementor-element elementor-element-316e354e\" data-id=\"316e354e\" data-element_type=\"column\">\n\t\t\t<div class=\"elementor-widget-wrap elementor-element-populated\">\n\t\t\t\t\t\t<div class=\"elementor-element elementor-element-37ce7f11 elementor-widget elementor-widget-heading\" data-id=\"37ce7f11\" data-element_type=\"widget\" data-widget_type=\"heading.default\">\n\t\t\t\t<div class=\"elementor-widget-container\">\n\t\t\t<h2 class=\"elementor-heading-title elementor-size-default\">Ex-Proof Limit Switch is offered to you with the assurance of Eteenerji! Ex-Proof panel, Ex-proof fan, Ex-proof led and many more products at Ete Enerji!\n\n<\/h2>\t\t<\/div>\n\t\t\t\t<\/div>\n\t\t\t\t<div class=\"elementor-element elementor-element-28289cc0 elementor-widget elementor-widget-text-editor\" data-id=\"28289cc0\" data-element_type=\"widget\" data-widget_type=\"text-editor.default\">\n\t\t\t\t<div class=\"elementor-widget-container\">\n\t\t\t\t\t\t\t<p>Please Click The Link Below To Download The Catalog<\/p>\t\t\t\t\t\t<\/div>\n\t\t\t\t<\/div>\n\t\t\t\t\t<\/div>\n\t\t<\/div>\n\t\t\t\t\t<\/div>\n\t\t<\/section>\n\t\t\t\t<div class=\"elementor-element elementor-element-75b98c2 elementor-widget elementor-widget-button\" data-id=\"75b98c2\" data-element_type=\"widget\" data-widget_type=\"button.default\">\n\t\t\t\t<div class=\"elementor-widget-container\">\n\t\t\t\t\t<div class=\"elementor-button-wrapper\">\n\t\t\t<a class=\"elementor-button elementor-button-link elementor-size-sm\" href=\"https:\/\/robustex.com.tr\/wp-content\/uploads\/2021\/05\/Ex-Proof-Limit-Switch-Catalog.pdf\" target=\"_blank\">\n\t\t\t\t\t\t<span class=\"elementor-button-content-wrapper\">\n\t\t\t\t\t\t<span class=\"elementor-button-icon elementor-align-icon-right\">\n\t\t\t\t<i aria-hidden=\"true\" class=\"fas fa-download\"><\/i>\t\t\t<\/span>\n\t\t\t\t\t\t<span class=\"elementor-button-text\">Download Catalog<\/span>\n\t\t<\/span>\n\t\t\t\t\t<\/a>\n\t\t<\/div>\n\t\t\t\t<\/div>\n\t\t\t\t<\/div>\n\t\t\t\t\t<\/div>\n\t\t<\/div>\n\t\t\t\t<div class=\"elementor-column elementor-col-50 elementor-top-column elementor-element elementor-element-1ad13ef8\" data-id=\"1ad13ef8\" data-element_type=\"column\">\n\t\t\t<div class=\"elementor-widget-wrap elementor-element-populated\">\n\t\t\t\t\t\t<div class=\"elementor-element elementor-element-48292e62 elementor-widget elementor-widget-image\" data-id=\"48292e62\" data-element_type=\"widget\" data-widget_type=\"image.default\">\n\t\t\t\t<div class=\"elementor-widget-container\">\n\t\t\t\t\t\t\t\t\t\t\t\t\t<img fetchpriority=\"high\" decoding=\"async\" width=\"591\" height=\"393\" src=\"https:\/\/www.robustex.com.tr\/wp-content\/uploads\/2021\/05\/Ex-Proof-Limit-Switch.jpg\" class=\"attachment-large size-large wp-image-592\" alt=\"\" srcset=\"https:\/\/www.robustex.com.tr\/wp-content\/uploads\/2021\/05\/Ex-Proof-Limit-Switch.jpg 591w, https:\/\/www.robustex.com.tr\/wp-content\/uploads\/2021\/05\/Ex-Proof-Limit-Switch-300x199.jpg 300w, https:\/\/www.robustex.com.tr\/wp-content\/uploads\/2021\/05\/Ex-Proof-Limit-Switch-16x12.jpg 16w\" sizes=\"(max-width: 591px) 100vw, 591px\" \/>\t\t\t\t\t\t\t\t\t\t\t\t\t<\/div>\n\t\t\t\t<\/div>\n\t\t\t\t\t<\/div>\n\t\t<\/div>\n\t\t\t\t\t<\/div>\n\t\t<\/section>\n\t\t\t\t\t<\/div>\n\t\t<\/div>\n\t\t\t\t\t<\/div>\n\t\t<\/section>\n\t\t\t\t<section class=\"elementor-section elementor-top-section elementor-element elementor-element-7b5bab8 elementor-section-full_width elementor-section-stretched elementor-hidden-desktop elementor-hidden-tablet elementor-hidden-phone elementor-section-height-default elementor-section-height-default\" data-id=\"7b5bab8\" data-element_type=\"section\" data-settings=\"{&quot;background_background&quot;:&quot;classic&quot;,&quot;stretch_section&quot;:&quot;section-stretched&quot;,&quot;_ha_eqh_enable&quot;:false}\">\n\t\t\t\t\t\t<div class=\"elementor-container elementor-column-gap-default\">\n\t\t\t\t\t<div class=\"elementor-column elementor-col-100 elementor-top-column elementor-element elementor-element-bef49ea\" data-id=\"bef49ea\" data-element_type=\"column\">\n\t\t\t<div class=\"elementor-widget-wrap elementor-element-populated\">\n\t\t\t\t\t\t<section class=\"elementor-section elementor-inner-section elementor-element elementor-element-e3d0244 elementor-section-boxed elementor-section-height-default elementor-section-height-default\" data-id=\"e3d0244\" data-element_type=\"section\" data-settings=\"{&quot;_ha_eqh_enable&quot;:false}\">\n\t\t\t\t\t\t<div class=\"elementor-container elementor-column-gap-extended\">\n\t\t\t\t\t<div class=\"elementor-column elementor-col-50 elementor-inner-column elementor-element elementor-element-76bbfe5\" data-id=\"76bbfe5\" data-element_type=\"column\">\n\t\t\t<div class=\"elementor-widget-wrap elementor-element-populated\">\n\t\t\t\t\t\t<div data-ha-element-link=\"{&quot;url&quot;:&quot;https:\\\/\\\/robustex.com.tr\\\/ex-proof-elektrik-malzemeleri\\\/ex-proof-fan\\\/&quot;,&quot;is_external&quot;:&quot;&quot;,&quot;nofollow&quot;:&quot;&quot;}\" style=\"cursor: pointer\" class=\"elementor-element elementor-element-982e9a1 ha-card--left ha-card--tablet-top ha-card--mobile-top elementor-widget elementor-widget-ha-card happy-addon ha-card\" data-id=\"982e9a1\" data-element_type=\"widget\" data-widget_type=\"ha-card.default\">\n\t\t\t\t<div class=\"elementor-widget-container\">\n\t\t\t\n\t\t\t\t\t<figure class=\"ha-card-figure\">\n\t\t\t\t<img loading=\"lazy\" decoding=\"async\" width=\"306\" height=\"306\" src=\"https:\/\/www.robustex.com.tr\/wp-content\/uploads\/2021\/04\/EB-ATEX-Exproof-Duvar-Tipi-Aksiyel-Fan.jpg\" class=\"attachment-large size-large wp-image-92\" alt=\"\" srcset=\"https:\/\/www.robustex.com.tr\/wp-content\/uploads\/2021\/04\/EB-ATEX-Exproof-Duvar-Tipi-Aksiyel-Fan.jpg 306w, https:\/\/www.robustex.com.tr\/wp-content\/uploads\/2021\/04\/EB-ATEX-Exproof-Duvar-Tipi-Aksiyel-Fan-300x300.jpg 300w, https:\/\/www.robustex.com.tr\/wp-content\/uploads\/2021\/04\/EB-ATEX-Exproof-Duvar-Tipi-Aksiyel-Fan-150x150.jpg 150w\" sizes=\"(max-width: 306px) 100vw, 306px\" \/>\t\t\t\t\t\t\t<\/figure>\n\t\t\n\t\t<div class=\"ha-card-body\">\n\n\t\t\t<h2 class=\"ha-card-title\">Ex Proof Aluminyum \u201cEx d\u201d Panolar<\/h2>\n\t\t\t\t\t\t\t<div class=\"ha-card-text\">\n\t\t\t\t\t<p>Ex-Proof Electrical Materials\n<\/p>\n\t\t\t\t<\/div>\n\t\t\t\n\t\t\t<a class=\"ha-btn\" href=\"https:\/\/www.robustex.com.tr\/en\/ex-proof-elektrik-malzemeleri\/ex-proof-fan\/\"><span class=\"ha-btn-text\">DETAILS<\/span><\/a>\t\t<\/div>\n\t\t\t\t<\/div>\n\t\t\t\t<\/div>\n\t\t\t\t\t<\/div>\n\t\t<\/div>\n\t\t\t\t<div class=\"elementor-column elementor-col-50 elementor-inner-column elementor-element elementor-element-a07d689\" data-id=\"a07d689\" data-element_type=\"column\">\n\t\t\t<div class=\"elementor-widget-wrap elementor-element-populated\">\n\t\t\t\t\t\t<div data-ha-element-link=\"{&quot;url&quot;:&quot;https:\\\/\\\/robustex.com.tr\\\/ex-proof-elektrik-malzemeleri\\\/ex-proof-fan\\\/&quot;,&quot;is_external&quot;:&quot;&quot;,&quot;nofollow&quot;:&quot;&quot;}\" style=\"cursor: pointer\" class=\"elementor-element elementor-element-ae6d932 ha-card--left ha-card--tablet-top ha-card--mobile-top elementor-widget elementor-widget-ha-card happy-addon ha-card\" data-id=\"ae6d932\" data-element_type=\"widget\" data-widget_type=\"ha-card.default\">\n\t\t\t\t<div class=\"elementor-widget-container\">\n\t\t\t\n\t\t\t\t\t<figure class=\"ha-card-figure\">\n\t\t\t\t<img loading=\"lazy\" decoding=\"async\" width=\"500\" height=\"500\" src=\"https:\/\/www.robustex.com.tr\/wp-content\/uploads\/2021\/04\/123.jpg\" class=\"attachment-large size-large wp-image-228\" alt=\"\" srcset=\"https:\/\/www.robustex.com.tr\/wp-content\/uploads\/2021\/04\/123.jpg 500w, https:\/\/www.robustex.com.tr\/wp-content\/uploads\/2021\/04\/123-300x300.jpg 300w, https:\/\/www.robustex.com.tr\/wp-content\/uploads\/2021\/04\/123-150x150.jpg 150w\" sizes=\"(max-width: 500px) 100vw, 500px\" \/>\t\t\t\t\t\t\t<\/figure>\n\t\t\n\t\t<div class=\"ha-card-body\">\n\n\t\t\t<h2 class=\"ha-card-title\">Ex Proof Paslanmaz \u00c7elik \u201cEx e\u201dPanolar<\/h2>\n\t\t\t\t\t\t\t<div class=\"ha-card-text\">\n\t\t\t\t\t<p>Ex-Proof Electrical Materials\n<\/p>\n\t\t\t\t<\/div>\n\t\t\t\n\t\t\t<a class=\"ha-btn\" href=\"https:\/\/www.robustex.com.tr\/en\/ex-proof-elektrik-malzemeleri\/ex-proof-zone-1-led-lineer-armatur\/\"><span class=\"ha-btn-text\">DETAILS<\/span><\/a>\t\t<\/div>\n\t\t\t\t<\/div>\n\t\t\t\t<\/div>\n\t\t\t\t\t<\/div>\n\t\t<\/div>\n\t\t\t\t\t<\/div>\n\t\t<\/section>\n\t\t\t\t<section class=\"elementor-section elementor-inner-section elementor-element elementor-element-27d053e elementor-section-boxed elementor-section-height-default elementor-section-height-default\" data-id=\"27d053e\" data-element_type=\"section\" data-settings=\"{&quot;_ha_eqh_enable&quot;:false}\">\n\t\t\t\t\t\t<div class=\"elementor-container elementor-column-gap-extended\">\n\t\t\t\t\t<div class=\"elementor-column elementor-col-50 elementor-inner-column elementor-element elementor-element-3508a14\" data-id=\"3508a14\" data-element_type=\"column\">\n\t\t\t<div class=\"elementor-widget-wrap elementor-element-populated\">\n\t\t\t\t\t\t<div data-ha-element-link=\"{&quot;url&quot;:&quot;https:\\\/\\\/robustex.com.tr\\\/ex-proof-elektrik-malzemeleri\\\/ex-proof-fan\\\/&quot;,&quot;is_external&quot;:&quot;&quot;,&quot;nofollow&quot;:&quot;&quot;}\" style=\"cursor: pointer\" class=\"elementor-element elementor-element-e2d49fe ha-card--left ha-card--tablet-top ha-card--mobile-top elementor-widget elementor-widget-ha-card happy-addon ha-card\" data-id=\"e2d49fe\" data-element_type=\"widget\" data-widget_type=\"ha-card.default\">\n\t\t\t\t<div class=\"elementor-widget-container\">\n\t\t\t\n\t\t\t\t\t<figure class=\"ha-card-figure\">\n\t\t\t\t<img loading=\"lazy\" decoding=\"async\" width=\"306\" height=\"306\" src=\"https:\/\/www.robustex.com.tr\/wp-content\/uploads\/2021\/04\/EB-ATEX-Exproof-Duvar-Tipi-Aksiyel-Fan.jpg\" class=\"attachment-large size-large wp-image-92\" alt=\"\" srcset=\"https:\/\/www.robustex.com.tr\/wp-content\/uploads\/2021\/04\/EB-ATEX-Exproof-Duvar-Tipi-Aksiyel-Fan.jpg 306w, https:\/\/www.robustex.com.tr\/wp-content\/uploads\/2021\/04\/EB-ATEX-Exproof-Duvar-Tipi-Aksiyel-Fan-300x300.jpg 300w, https:\/\/www.robustex.com.tr\/wp-content\/uploads\/2021\/04\/EB-ATEX-Exproof-Duvar-Tipi-Aksiyel-Fan-150x150.jpg 150w\" sizes=\"(max-width: 306px) 100vw, 306px\" \/>\t\t\t\t\t\t\t<\/figure>\n\t\t\n\t\t<div class=\"ha-card-body\">\n\n\t\t\t<h2 class=\"ha-card-title\">Ex Proof Polyester \u201cEx e\u201dPanolar<\/h2>\n\t\t\t\t\t\t\t<div class=\"ha-card-text\">\n\t\t\t\t\t<p>Ex-Proof Electrical Materials\n<\/p>\n\t\t\t\t<\/div>\n\t\t\t\n\t\t\t<a class=\"ha-btn\" href=\"https:\/\/www.robustex.com.tr\/en\/ex-proof-elektrik-malzemeleri\/ex-proof-fan\/\"><span class=\"ha-btn-text\">DETAILS<\/span><\/a>\t\t<\/div>\n\t\t\t\t<\/div>\n\t\t\t\t<\/div>\n\t\t\t\t\t<\/div>\n\t\t<\/div>\n\t\t\t\t<div class=\"elementor-column elementor-col-50 elementor-inner-column elementor-element elementor-element-26f71be\" data-id=\"26f71be\" data-element_type=\"column\">\n\t\t\t<div class=\"elementor-widget-wrap\">\n\t\t\t\t\t\t\t<\/div>\n\t\t<\/div>\n\t\t\t\t\t<\/div>\n\t\t<\/section>\n\t\t\t\t\t<\/div>\n\t\t<\/div>\n\t\t\t\t\t<\/div>\n\t\t<\/section>\n\t\t\t\t<\/div>","protected":false},"excerpt":{"rendered":"<p>Ex Proof Limit Switch Ex-Proof Limit Switch Eteenerji g\u00fcvencesi ile sizlere sunuluyor! Ex-Proof pano, Ex-proof fan, Ex-proof led ve daha bir \u00e7ok \u00fcr\u00fcn Ete Enerji\u2019de! \u00dcr\u00fcn katalo\u011fumuzu inceleyerek \u00fcr\u00fcnlerimiz hakk\u0131nda bilgi sahibi olabilirsiniz. Katalo\u011fu indir Ex Proof Aluminyum \u201cEx d\u201d Panolar Ex-Proof Elektrik Malzemeleri DETAY Ex Proof Paslanmaz \u00c7elik \u201cEx e\u201dPanolar Ex-Proof Elektrik Malzemeleri DETAY [&hellip;]<\/p>","protected":false},"author":1,"featured_media":0,"parent":0,"menu_order":3,"comment_status":"closed","ping_status":"closed","template":"elementor_header_footer","meta":{"footnotes":""},"yoast_head":"<!-- This site is optimized with the Yoast SEO plugin v16.9 - https:\/\/yoast.com\/wordpress\/plugins\/seo\/ -->\n<title>Ex Proof Limit Switch - Robustex<\/title>\n<meta name=\"description\" content=\"Ex-Proof Limit Switch Eteenerji g\u00fcvencesi ile sizlere sunuluyor! Ex-Proof pano, Ex-proof fan, Ex-proof led ve daha bir \u00e7ok \u00fcr\u00fcn Ete Enerji\u2019de!\" \/>\n<meta name=\"robots\" content=\"index, follow, max-snippet:-1, max-image-preview:large, max-video-preview:-1\" \/>\n<link rel=\"canonical\" href=\"https:\/\/www.robustex.com.tr\/en\/ex-proof-limit-switch-2\/\" \/>\n<meta property=\"og:locale\" content=\"en_US\" \/>\n<meta property=\"og:type\" content=\"article\" \/>\n<meta property=\"og:title\" content=\"Ex Proof Limit Switch - Robustex\" \/>\n<meta property=\"og:description\" content=\"Ex-Proof Limit Switch Eteenerji g\u00fcvencesi ile sizlere sunuluyor! Ex-Proof pano, Ex-proof fan, Ex-proof led ve daha bir \u00e7ok \u00fcr\u00fcn Ete Enerji\u2019de!\" \/>\n<meta property=\"og:url\" content=\"https:\/\/www.robustex.com.tr\/en\/ex-proof-limit-switch-2\/\" \/>\n<meta property=\"og:site_name\" content=\"Robustex\" \/>\n<meta property=\"article:modified_time\" content=\"2021-09-14T07:57:17+00:00\" \/>\n<meta property=\"og:image\" content=\"https:\/\/www.robustex.com.tr\/wp-content\/uploads\/2021\/05\/Ex-Proof-Limit-Switch.jpg\" \/>\n<meta name=\"twitter:card\" content=\"summary_large_image\" \/>\n<meta name=\"twitter:label1\" content=\"Est. reading time\" \/>\n\t<meta name=\"twitter:data1\" content=\"2 minutes\" \/>\n<script type=\"application\/ld+json\" class=\"yoast-schema-graph\">{\"@context\":\"https:\/\/schema.org\",\"@graph\":[{\"@type\":\"WebSite\",\"@id\":\"https:\/\/www.robustex.com.tr\/#website\",\"url\":\"https:\/\/www.robustex.com.tr\/\",\"name\":\"Robustex\",\"description\":\"\",\"potentialAction\":[{\"@type\":\"SearchAction\",\"target\":{\"@type\":\"EntryPoint\",\"urlTemplate\":\"https:\/\/www.robustex.com.tr\/?s={search_term_string}\"},\"query-input\":\"required name=search_term_string\"}],\"inLanguage\":\"en-US\"},{\"@type\":\"ImageObject\",\"@id\":\"https:\/\/www.robustex.com.tr\/ex-proof-limit-switch-2\/#primaryimage\",\"inLanguage\":\"en-US\",\"url\":\"https:\/\/www.robustex.com.tr\/wp-content\/uploads\/2021\/05\/Ex-Proof-Limit-Switch.jpg\",\"contentUrl\":\"https:\/\/www.robustex.com.tr\/wp-content\/uploads\/2021\/05\/Ex-Proof-Limit-Switch.jpg\",\"width\":591,\"height\":393},{\"@type\":\"WebPage\",\"@id\":\"https:\/\/www.robustex.com.tr\/ex-proof-limit-switch-2\/#webpage\",\"url\":\"https:\/\/www.robustex.com.tr\/ex-proof-limit-switch-2\/\",\"name\":\"Ex Proof Limit Switch - Robustex\",\"isPartOf\":{\"@id\":\"https:\/\/www.robustex.com.tr\/#website\"},\"primaryImageOfPage\":{\"@id\":\"https:\/\/www.robustex.com.tr\/ex-proof-limit-switch-2\/#primaryimage\"},\"datePublished\":\"2021-05-26T22:06:21+00:00\",\"dateModified\":\"2021-09-14T07:57:17+00:00\",\"description\":\"Ex-Proof Limit Switch Eteenerji g\\u00fcvencesi ile sizlere sunuluyor! Ex-Proof pano, Ex-proof fan, Ex-proof led ve daha bir \\u00e7ok \\u00fcr\\u00fcn Ete Enerji\\u2019de!\",\"breadcrumb\":{\"@id\":\"https:\/\/www.robustex.com.tr\/ex-proof-limit-switch-2\/#breadcrumb\"},\"inLanguage\":\"en-US\",\"potentialAction\":[{\"@type\":\"ReadAction\",\"target\":[\"https:\/\/www.robustex.com.tr\/ex-proof-limit-switch-2\/\"]}]},{\"@type\":\"BreadcrumbList\",\"@id\":\"https:\/\/www.robustex.com.tr\/ex-proof-limit-switch-2\/#breadcrumb\",\"itemListElement\":[{\"@type\":\"ListItem\",\"position\":1,\"name\":\"Anasayfa\",\"item\":\"https:\/\/www.robustex.com.tr\/\"},{\"@type\":\"ListItem\",\"position\":2,\"name\":\"Ex Proof Limit Switch\"}]}]}<\/script>\n<!-- \/ Yoast SEO plugin. -->","yoast_head_json":{"title":"Ex Proof Limit Switch - Robustex","description":"Ex-Proof Limit Switch Eteenerji g\u00fcvencesi ile sizlere sunuluyor! Ex-Proof pano, Ex-proof fan, Ex-proof led ve daha bir \u00e7ok \u00fcr\u00fcn Ete Enerji\u2019de!","robots":{"index":"index","follow":"follow","max-snippet":"max-snippet:-1","max-image-preview":"max-image-preview:large","max-video-preview":"max-video-preview:-1"},"canonical":"https:\/\/www.robustex.com.tr\/en\/ex-proof-limit-switch-2\/","og_locale":"en_US","og_type":"article","og_title":"Ex Proof Limit Switch - Robustex","og_description":"Ex-Proof Limit Switch Eteenerji g\u00fcvencesi ile sizlere sunuluyor! Ex-Proof pano, Ex-proof fan, Ex-proof led ve daha bir \u00e7ok \u00fcr\u00fcn Ete Enerji\u2019de!","og_url":"https:\/\/www.robustex.com.tr\/en\/ex-proof-limit-switch-2\/","og_site_name":"Robustex","article_modified_time":"2021-09-14T07:57:17+00:00","og_image":[{"url":"https:\/\/www.robustex.com.tr\/wp-content\/uploads\/2021\/05\/Ex-Proof-Limit-Switch.jpg"}],"twitter_card":"summary_large_image","twitter_misc":{"Est. reading time":"2 minutes"},"schema":{"@context":"https:\/\/schema.org","@graph":[{"@type":"WebSite","@id":"https:\/\/www.robustex.com.tr\/#website","url":"https:\/\/www.robustex.com.tr\/","name":"Robustex","description":"","potentialAction":[{"@type":"SearchAction","target":{"@type":"EntryPoint","urlTemplate":"https:\/\/www.robustex.com.tr\/?s={search_term_string}"},"query-input":"required name=search_term_string"}],"inLanguage":"en-US"},{"@type":"ImageObject","@id":"https:\/\/www.robustex.com.tr\/ex-proof-limit-switch-2\/#primaryimage","inLanguage":"en-US","url":"https:\/\/www.robustex.com.tr\/wp-content\/uploads\/2021\/05\/Ex-Proof-Limit-Switch.jpg","contentUrl":"https:\/\/www.robustex.com.tr\/wp-content\/uploads\/2021\/05\/Ex-Proof-Limit-Switch.jpg","width":591,"height":393},{"@type":"WebPage","@id":"https:\/\/www.robustex.com.tr\/ex-proof-limit-switch-2\/#webpage","url":"https:\/\/www.robustex.com.tr\/ex-proof-limit-switch-2\/","name":"Ex Proof Limit Switch - Robustex","isPartOf":{"@id":"https:\/\/www.robustex.com.tr\/#website"},"primaryImageOfPage":{"@id":"https:\/\/www.robustex.com.tr\/ex-proof-limit-switch-2\/#primaryimage"},"datePublished":"2021-05-26T22:06:21+00:00","dateModified":"2021-09-14T07:57:17+00:00","description":"Ex-Proof Limit Switch Eteenerji g\u00fcvencesi ile sizlere sunuluyor! Ex-Proof pano, Ex-proof fan, Ex-proof led ve daha bir \u00e7ok \u00fcr\u00fcn Ete Enerji\u2019de!","breadcrumb":{"@id":"https:\/\/www.robustex.com.tr\/ex-proof-limit-switch-2\/#breadcrumb"},"inLanguage":"en-US","potentialAction":[{"@type":"ReadAction","target":["https:\/\/www.robustex.com.tr\/ex-proof-limit-switch-2\/"]}]},{"@type":"BreadcrumbList","@id":"https:\/\/www.robustex.com.tr\/ex-proof-limit-switch-2\/#breadcrumb","itemListElement":[{"@type":"ListItem","position":1,"name":"Anasayfa","item":"https:\/\/www.robustex.com.tr\/"},{"@type":"ListItem","position":2,"name":"Ex Proof Limit Switch"}]}]}},"_links":{"self":[{"href":"https:\/\/www.robustex.com.tr\/en\/wp-json\/wp\/v2\/pages\/640"}],"collection":[{"href":"https:\/\/www.robustex.com.tr\/en\/wp-json\/wp\/v2\/pages"}],"about":[{"href":"https:\/\/www.robustex.com.tr\/en\/wp-json\/wp\/v2\/types\/page"}],"author":[{"embeddable":true,"href":"https:\/\/www.robustex.com.tr\/en\/wp-json\/wp\/v2\/users\/1"}],"replies":[{"embeddable":true,"href":"https:\/\/www.robustex.com.tr\/en\/wp-json\/wp\/v2\/comments?post=640"}],"version-history":[{"count":14,"href":"https:\/\/www.robustex.com.tr\/en\/wp-json\/wp\/v2\/pages\/640\/revisions"}],"predecessor-version":[{"id":3704,"href":"https:\/\/www.robustex.com.tr\/en\/wp-json\/wp\/v2\/pages\/640\/revisions\/3704"}],"wp:attachment":[{"href":"https:\/\/www.robustex.com.tr\/en\/wp-json\/wp\/v2\/media?parent=640"}],"curies":[{"name":"wp","href":"https:\/\/api.w.org\/{rel}","templated":true}]}}