{"id":204,"date":"2021-04-25T13:24:58","date_gmt":"2021-04-25T13:24:58","guid":{"rendered":"https:\/\/robustex.com.tr\/?page_id=204"},"modified":"2021-10-22T08:51:28","modified_gmt":"2021-10-22T08:51:28","slug":"haberler","status":"publish","type":"page","link":"https:\/\/www.robustex.com.tr\/en\/haberler\/","title":{"rendered":"News"},"content":{"rendered":"<div data-elementor-type=\"wp-page\" data-elementor-id=\"204\" class=\"elementor elementor-204\">\n\t\t\t\t\t\t<section class=\"elementor-section elementor-top-section elementor-element elementor-element-3e1dac8 elementor-section-full_width elementor-section-stretched elementor-hidden-desktop elementor-hidden-tablet elementor-section-height-default elementor-section-height-default\" data-id=\"3e1dac8\" data-element_type=\"section\" data-settings=\"{&quot;stretch_section&quot;:&quot;section-stretched&quot;,&quot;background_background&quot;:&quot;classic&quot;,&quot;_ha_eqh_enable&quot;:false}\">\n\t\t\t\t\t\t<div class=\"elementor-container elementor-column-gap-default\">\n\t\t\t\t\t<div class=\"elementor-column elementor-col-100 elementor-top-column elementor-element elementor-element-3de2352\" data-id=\"3de2352\" data-element_type=\"column\">\n\t\t\t<div class=\"elementor-widget-wrap elementor-element-populated\">\n\t\t\t\t\t\t<div class=\"elementor-element elementor-element-fd4657f elementor-widget elementor-widget-text-editor\" data-id=\"fd4657f\" data-element_type=\"widget\" data-widget_type=\"text-editor.default\">\n\t\t\t\t<div class=\"elementor-widget-container\">\n\t\t\t\t\t\t\t<div class=\"trp_language_switcher_shortcode\">\n<div class=\"trp-language-switcher trp-language-switcher-container\" data-no-translation>\n    <div class=\"trp-ls-shortcode-current-language\">\n        <a href=\"#\" class=\"trp-ls-shortcode-disabled-language trp-ls-disabled-language\" title=\"English\" onclick=\"event.preventDefault()\">\n\t\t\t<img decoding=\"async\" class=\"trp-flag-image\" src=\"https:\/\/www.robustex.com.tr\/wp-content\/plugins\/translatepress-multilingual\/assets\/images\/flags\/en_US.png\" width=\"18\" height=\"12\" alt=\"en_US\" title=\"English\"> EN\t\t<\/a>\n    <\/div>\n    <div class=\"trp-ls-shortcode-language\">\n                <a href=\"#\" class=\"trp-ls-shortcode-disabled-language trp-ls-disabled-language\"  title=\"English\" onclick=\"event.preventDefault()\">\n\t\t\t<img decoding=\"async\" class=\"trp-flag-image\" src=\"https:\/\/www.robustex.com.tr\/wp-content\/plugins\/translatepress-multilingual\/assets\/images\/flags\/en_US.png\" width=\"18\" height=\"12\" alt=\"en_US\" title=\"English\"> EN\t\t<\/a>\n                    <a href=\"https:\/\/www.robustex.com.tr\/wp-json\/wp\/v2\/pages\/204\/\" title=\"Turkish\">\n            <img decoding=\"async\" class=\"trp-flag-image\" src=\"https:\/\/www.robustex.com.tr\/wp-content\/plugins\/translatepress-multilingual\/assets\/images\/flags\/tr_TR.png\" width=\"18\" height=\"12\" alt=\"tr_TR\" title=\"Turkish\"> TR        <\/a>\n\n        <\/div>\n    <script type=\"application\/javascript\">\n        \/\/ need to have the same with set from JS on both divs. Otherwise it can push stuff around in HTML\n        var trp_ls_shortcodes = document.querySelectorAll('.trp_language_switcher_shortcode .trp-language-switcher');\n        if ( trp_ls_shortcodes.length > 0) {\n            \/\/ get the last language switcher added\n            var trp_el = trp_ls_shortcodes[trp_ls_shortcodes.length - 1];\n\n            var trp_shortcode_language_item = trp_el.querySelector( '.trp-ls-shortcode-language' )\n            \/\/ set width\n            var trp_ls_shortcode_width                                               = trp_shortcode_language_item.offsetWidth + 16;\n            trp_shortcode_language_item.style.width                                  = trp_ls_shortcode_width + 'px';\n            trp_el.querySelector( '.trp-ls-shortcode-current-language' ).style.width = trp_ls_shortcode_width + 'px';\n\n            \/\/ We're putting this on display: none after we have its width.\n            trp_shortcode_language_item.style.display = 'none';\n        }\n    <\/script>\n<\/div>\n<\/div>\t\t\t\t\t\t<\/div>\n\t\t\t\t<\/div>\n\t\t\t\t\t<\/div>\n\t\t<\/div>\n\t\t\t\t\t<\/div>\n\t\t<\/section>\n\t\t\t\t<section class=\"elementor-section elementor-top-section elementor-element elementor-element-3b5a483a elementor-section-full_width elementor-section-stretched elementor-section-height-default elementor-section-height-default\" data-id=\"3b5a483a\" data-element_type=\"section\" data-settings=\"{&quot;background_background&quot;:&quot;gradient&quot;,&quot;stretch_section&quot;:&quot;section-stretched&quot;,&quot;_ha_eqh_enable&quot;:false}\">\n\t\t\t\t\t\t<div class=\"elementor-container elementor-column-gap-default\">\n\t\t\t\t\t<div class=\"elementor-column elementor-col-100 elementor-top-column elementor-element elementor-element-485b7e90\" data-id=\"485b7e90\" data-element_type=\"column\">\n\t\t\t<div class=\"elementor-widget-wrap elementor-element-populated\">\n\t\t\t\t\t\t<div class=\"elementor-element elementor-element-7b948662 elementor-widget elementor-widget-heading\" data-id=\"7b948662\" data-element_type=\"widget\" data-widget_type=\"heading.default\">\n\t\t\t\t<div class=\"elementor-widget-container\">\n\t\t\t<h1 class=\"elementor-heading-title elementor-size-default\">NEWS<\/h1>\t\t<\/div>\n\t\t\t\t<\/div>\n\t\t\t\t<div class=\"elementor-element elementor-element-872c006 elementor-widget-divider--view-line elementor-widget elementor-widget-divider\" data-id=\"872c006\" data-element_type=\"widget\" data-widget_type=\"divider.default\">\n\t\t\t\t<div class=\"elementor-widget-container\">\n\t\t\t\t\t<div class=\"elementor-divider\">\n\t\t\t<span class=\"elementor-divider-separator\">\n\t\t\t\t\t\t<\/span>\n\t\t<\/div>\n\t\t\t\t<\/div>\n\t\t\t\t<\/div>\n\t\t\t\t<div class=\"elementor-element elementor-element-2433cef4 elementor-absolute elementor-widget elementor-widget-heading\" data-id=\"2433cef4\" data-element_type=\"widget\" data-settings=\"{&quot;_position&quot;:&quot;absolute&quot;}\" data-widget_type=\"heading.default\">\n\t\t\t\t<div class=\"elementor-widget-container\">\n\t\t\t<h1 class=\"elementor-heading-title elementor-size-default\">ete enerji<\/h1>\t\t<\/div>\n\t\t\t\t<\/div>\n\t\t\t\t<div class=\"elementor-element elementor-element-f6e25ce premium-blog-align-left elementor-widget elementor-widget-premium-addon-blog\" data-id=\"f6e25ce\" data-element_type=\"widget\" data-settings=\"{&quot;premium_blog_columns_number&quot;:&quot;33.33%&quot;,&quot;premium_blog_grid&quot;:&quot;yes&quot;,&quot;premium_blog_layout&quot;:&quot;even&quot;,&quot;premium_blog_columns_number_tablet&quot;:&quot;50%&quot;,&quot;premium_blog_columns_number_mobile&quot;:&quot;100%&quot;}\" data-widget_type=\"premium-addon-blog.default\">\n\t\t\t\t<div class=\"elementor-widget-container\">\n\t\t\t\r\n\t\t\t\t<div class=\"premium-blog-wrap  premium-blog-even\" data-page=\"204\">\r\n\t\t\t\t\t<div class=\"premium-blog-post-outer-container\" data-total=\"2\">\r\n\t\t\t<div class=\"premium-blog-post-container premium-blog-skin-classic\">\r\n\t\t\t\t\t\t\t\t\t<div class=\"premium-blog-thumb-effect-wrapper\">\r\n\t\t\t\t\t\t<div class=\"premium-blog-thumbnail-container premium-blog-zoomin-effect\">\r\n\t\t\t\t\t\t\t<img fetchpriority=\"high\" decoding=\"async\" width=\"500\" height=\"500\" src=\"https:\/\/www.robustex.com.tr\/wp-content\/uploads\/2022\/01\/Ex-Proof-Led-Yuksek-Tavan-Armaturleri.jpg\" class=\"attachment-medium_large size-medium_large wp-image-4057\" alt=\"Ex-Proof Led Y\u00fcksek Tavan Armat\u00fcrleri\" srcset=\"https:\/\/www.robustex.com.tr\/wp-content\/uploads\/2022\/01\/Ex-Proof-Led-Yuksek-Tavan-Armaturleri.jpg 500w, https:\/\/www.robustex.com.tr\/wp-content\/uploads\/2022\/01\/Ex-Proof-Led-Yuksek-Tavan-Armaturleri-300x300.jpg 300w, https:\/\/www.robustex.com.tr\/wp-content\/uploads\/2022\/01\/Ex-Proof-Led-Yuksek-Tavan-Armaturleri-150x150.jpg 150w, https:\/\/www.robustex.com.tr\/wp-content\/uploads\/2022\/01\/Ex-Proof-Led-Yuksek-Tavan-Armaturleri-12x12.jpg 12w\" sizes=\"(max-width: 500px) 100vw, 500px\" \/>\t\t\t\t\t\t<\/div>\r\n\t\t\t\t\t\t\t\t\t\t\t\t\t<div class=\"premium-blog-thumbnail-overlay\">\r\n\t\t\t\t\t\t\t\t<a class=\"elementor-icon\" href=\"https:\/\/www.robustex.com.tr\/en\/ex-proof-led-yuksek-tavan-armaturleri\/\" target=\"_blank\" aria-hidden=\"true\"><span>Ex-Proof Led Y\u00fcksek Tavan Armat\u00fcrleri<\/span><\/a>\r\n\t\t\t\t\t\t\t<\/div>\r\n\t\t\t\t\t\t\t\t\t\t\t<\/div>\r\n\t\t\t\t\t\t\t\t\t\t\t\t<div class=\"premium-blog-content-wrapper\">\r\n\r\n\t\t\t\t\t<div class=\"premium-blog-inner-container\">\r\n\r\n\t\t\t\t\t\t\t\t\t\t\t\t\t\t<h2 class=\"premium-blog-entry-title\">\r\n\t\t\t<a href=\"https:\/\/www.robustex.com.tr\/en\/ex-proof-led-yuksek-tavan-armaturleri\/\" target=\"_blank\">\r\n\t\t\t\tEx-Proof Led Y\u00fcksek Tavan Armat\u00fcrleri\t\t\t<\/a>\r\n\t\t<\/h2>\r\n\t\t\t\t<div class=\"premium-blog-entry-meta\">\r\n\t\t\t\r\n\t\t\t\r\n\t\t\t\r\n\t\t\t\t\t<\/div>\r\n\t\t\r\n\t\t\t\t\t<\/div>\r\n\r\n\t\t\t\t\t\t\t<div class=\"premium-blob-content-inner-wrapper\">\r\n\t\t<p class=\"premium-blog-post-content\">Ex-Proof ba\u015fl\u0131 ba\u015f\u0131na incelenmesi ve baz\u0131 alanlarda kesinlikle kullan\u0131lmas\u0131 gereken, patlama ve yang\u0131n riskine kar\u015f\u0131 riski en aza indirilen \u00fcr\u00fcnlere verilen add\u0131r. \u2026<\/p>\t\t <\/div>\r\n\t\t \t\t\t\t\t\r\n\t\t\t\t<\/div>\r\n\t\t\t<\/div>\r\n\t\t<\/div>\r\n\r\n\t\t\t\t<div class=\"premium-blog-post-outer-container\" data-total=\"2\">\r\n\t\t\t<div class=\"premium-blog-post-container premium-blog-skin-classic\">\r\n\t\t\t\t\t\t\t\t\t<div class=\"premium-blog-thumb-effect-wrapper\">\r\n\t\t\t\t\t\t<div class=\"premium-blog-thumbnail-container premium-blog-zoomin-effect\">\r\n\t\t\t\t\t\t\t<img loading=\"lazy\" decoding=\"async\" width=\"415\" height=\"300\" src=\"https:\/\/www.robustex.com.tr\/wp-content\/uploads\/2021\/12\/Ex-Proof-Ex-e-or-Ex-d-Type-Control-Stations-min.jpg\" class=\"attachment-medium_large size-medium_large wp-image-4053\" alt=\"Ex-Proof Kumanda Kutular\u0131: G\u00fcvenli \u015eekilde Kumanda Edin!\" srcset=\"https:\/\/www.robustex.com.tr\/wp-content\/uploads\/2021\/12\/Ex-Proof-Ex-e-or-Ex-d-Type-Control-Stations-min.jpg 415w, https:\/\/www.robustex.com.tr\/wp-content\/uploads\/2021\/12\/Ex-Proof-Ex-e-or-Ex-d-Type-Control-Stations-min-300x217.jpg 300w, https:\/\/www.robustex.com.tr\/wp-content\/uploads\/2021\/12\/Ex-Proof-Ex-e-or-Ex-d-Type-Control-Stations-min-16x12.jpg 16w\" sizes=\"(max-width: 415px) 100vw, 415px\" \/>\t\t\t\t\t\t<\/div>\r\n\t\t\t\t\t\t\t\t\t\t\t\t\t<div class=\"premium-blog-thumbnail-overlay\">\r\n\t\t\t\t\t\t\t\t<a class=\"elementor-icon\" href=\"https:\/\/www.robustex.com.tr\/en\/ex-proof-kumanda-kutulari-guvenli-sekilde-kumanda-edin\/\" target=\"_blank\" aria-hidden=\"true\"><span>Ex-Proof Kumanda Kutular\u0131: G\u00fcvenli \u015eekilde Kumanda Edin!<\/span><\/a>\r\n\t\t\t\t\t\t\t<\/div>\r\n\t\t\t\t\t\t\t\t\t\t\t<\/div>\r\n\t\t\t\t\t\t\t\t\t\t\t\t<div class=\"premium-blog-content-wrapper\">\r\n\r\n\t\t\t\t\t<div class=\"premium-blog-inner-container\">\r\n\r\n\t\t\t\t\t\t\t\t\t\t\t\t\t\t<h2 class=\"premium-blog-entry-title\">\r\n\t\t\t<a href=\"https:\/\/www.robustex.com.tr\/en\/ex-proof-kumanda-kutulari-guvenli-sekilde-kumanda-edin\/\" target=\"_blank\">\r\n\t\t\t\tEx-Proof Kumanda Kutular\u0131: G\u00fcvenli \u015eekilde Kumanda Edin!\t\t\t<\/a>\r\n\t\t<\/h2>\r\n\t\t\t\t<div class=\"premium-blog-entry-meta\">\r\n\t\t\t\r\n\t\t\t\r\n\t\t\t\r\n\t\t\t\t\t<\/div>\r\n\t\t\r\n\t\t\t\t\t<\/div>\r\n\r\n\t\t\t\t\t\t\t<div class=\"premium-blob-content-inner-wrapper\">\r\n\t\t<p class=\"premium-blog-post-content\">Kumanda kutular\u0131 i\u015fyerleri i\u00e7in vazge\u00e7ilmez bir \u00f6neme sahiptir ancak patlama riski bulunan b\u00f6lgelerde standart kumanda kutular\u0131 kullanmak \u00e7al\u0131\u015fanlar\u0131n\u0131z\u0131n ve sizin sa\u011fl\u0131\u011f\u0131n\u0131z\u0131 tehlikeye \u2026<\/p>\t\t <\/div>\r\n\t\t \t\t\t\t\t\r\n\t\t\t\t<\/div>\r\n\t\t\t<\/div>\r\n\t\t<\/div>\r\n\r\n\t\t\t\t<div class=\"premium-blog-post-outer-container\" data-total=\"2\">\r\n\t\t\t<div class=\"premium-blog-post-container premium-blog-skin-classic\">\r\n\t\t\t\t\t\t\t\t\t<div class=\"premium-blog-thumb-effect-wrapper\">\r\n\t\t\t\t\t\t<div class=\"premium-blog-thumbnail-container premium-blog-zoomin-effect\">\r\n\t\t\t\t\t\t\t<img loading=\"lazy\" decoding=\"async\" width=\"600\" height=\"300\" src=\"https:\/\/www.robustex.com.tr\/wp-content\/uploads\/2021\/12\/exxporff-plugs-karen.png\" class=\"attachment-medium_large size-medium_large wp-image-4046\" alt=\"exxporff fi\u015f ve prizler\" srcset=\"https:\/\/www.robustex.com.tr\/wp-content\/uploads\/2021\/12\/exxporff-plugs-karen.png 600w, https:\/\/www.robustex.com.tr\/wp-content\/uploads\/2021\/12\/exxporff-plugs-karen-300x150.png 300w, https:\/\/www.robustex.com.tr\/wp-content\/uploads\/2021\/12\/exxporff-plugs-karen-16x8.png 16w\" sizes=\"(max-width: 600px) 100vw, 600px\" \/>\t\t\t\t\t\t<\/div>\r\n\t\t\t\t\t\t\t\t\t\t\t\t\t<div class=\"premium-blog-thumbnail-overlay\">\r\n\t\t\t\t\t\t\t\t<a class=\"elementor-icon\" href=\"https:\/\/www.robustex.com.tr\/en\/ex-proof-fis-ve-prizler-ex-proof-ile-guvendesiniz\/\" target=\"_blank\" aria-hidden=\"true\"><span>Ex-Proof Fi\u015f ve Prizler: Ex-Proof ile G\u00fcvendesiniz!<\/span><\/a>\r\n\t\t\t\t\t\t\t<\/div>\r\n\t\t\t\t\t\t\t\t\t\t\t<\/div>\r\n\t\t\t\t\t\t\t\t\t\t\t\t<div class=\"premium-blog-content-wrapper\">\r\n\r\n\t\t\t\t\t<div class=\"premium-blog-inner-container\">\r\n\r\n\t\t\t\t\t\t\t\t\t\t\t\t\t\t<h2 class=\"premium-blog-entry-title\">\r\n\t\t\t<a href=\"https:\/\/www.robustex.com.tr\/en\/ex-proof-fis-ve-prizler-ex-proof-ile-guvendesiniz\/\" target=\"_blank\">\r\n\t\t\t\tEx-Proof Fi\u015f ve Prizler: Ex-Proof ile G\u00fcvendesiniz!\t\t\t<\/a>\r\n\t\t<\/h2>\r\n\t\t\t\t<div class=\"premium-blog-entry-meta\">\r\n\t\t\t\r\n\t\t\t\r\n\t\t\t\r\n\t\t\t\t\t<\/div>\r\n\t\t\r\n\t\t\t\t\t<\/div>\r\n\r\n\t\t\t\t\t\t\t<div class=\"premium-blob-content-inner-wrapper\">\r\n\t\t<p class=\"premium-blog-post-content\">\u0130\u015fyeriniz ya da deponuz Zone 0, Zone 1 ya da Zone 2 b\u00f6lgesi olarak adland\u0131r\u0131l\u0131yorsa Ex-Proof \u00fcr\u00fcnlere a\u015fina olmal\u0131s\u0131n\u0131z. Bir\u00e7ok i\u015fyeri sahibi \u2026<\/p>\t\t <\/div>\r\n\t\t \t\t\t\t\t\r\n\t\t\t\t<\/div>\r\n\t\t\t<\/div>\r\n\t\t<\/div>\r\n\r\n\t\t\t\t<div class=\"premium-blog-post-outer-container\" data-total=\"2\">\r\n\t\t\t<div class=\"premium-blog-post-container premium-blog-skin-classic\">\r\n\t\t\t\t\t\t\t\t\t<div class=\"premium-blog-thumb-effect-wrapper\">\r\n\t\t\t\t\t\t<div class=\"premium-blog-thumbnail-container premium-blog-zoomin-effect\">\r\n\t\t\t\t\t\t\t<img loading=\"lazy\" decoding=\"async\" width=\"768\" height=\"614\" src=\"https:\/\/www.robustex.com.tr\/wp-content\/uploads\/2021\/05\/12-1-768x614.jpg\" class=\"attachment-medium_large size-medium_large wp-image-518\" alt=\"\" srcset=\"https:\/\/www.robustex.com.tr\/wp-content\/uploads\/2021\/05\/12-1-768x614.jpg 768w, https:\/\/www.robustex.com.tr\/wp-content\/uploads\/2021\/05\/12-1-300x240.jpg 300w, https:\/\/www.robustex.com.tr\/wp-content\/uploads\/2021\/05\/12-1-16x12.jpg 16w, https:\/\/www.robustex.com.tr\/wp-content\/uploads\/2021\/05\/12-1.jpg 1000w\" sizes=\"(max-width: 768px) 100vw, 768px\" \/>\t\t\t\t\t\t<\/div>\r\n\t\t\t\t\t\t\t\t\t\t\t\t\t<div class=\"premium-blog-thumbnail-overlay\">\r\n\t\t\t\t\t\t\t\t<a class=\"elementor-icon\" href=\"https:\/\/www.robustex.com.tr\/en\/ex-proof-floresan-aydinlatma-urunleri-nedir\/\" target=\"_blank\" aria-hidden=\"true\"><span>Ex-Proof Fluorescent Lighting Fixtures<\/span><\/a>\r\n\t\t\t\t\t\t\t<\/div>\r\n\t\t\t\t\t\t\t\t\t\t\t<\/div>\r\n\t\t\t\t\t\t\t\t\t\t\t\t<div class=\"premium-blog-content-wrapper\">\r\n\r\n\t\t\t\t\t<div class=\"premium-blog-inner-container\">\r\n\r\n\t\t\t\t\t\t\t\t\t\t\t\t\t\t<h2 class=\"premium-blog-entry-title\">\r\n\t\t\t<a href=\"https:\/\/www.robustex.com.tr\/en\/ex-proof-floresan-aydinlatma-urunleri-nedir\/\" target=\"_blank\">\r\n\t\t\t\tEx-Proof Fluorescent Lighting Fixtures\t\t\t<\/a>\r\n\t\t<\/h2>\r\n\t\t\t\t<div class=\"premium-blog-entry-meta\">\r\n\t\t\t\r\n\t\t\t\r\n\t\t\t\r\n\t\t\t\t\t<\/div>\r\n\t\t\r\n\t\t\t\t\t<\/div>\r\n\r\n\t\t\t\t\t\t\t<div class=\"premium-blob-content-inner-wrapper\">\r\n\t\t<p class=\"premium-blog-post-content\">Everyone knows how diverse the lighting is and they are very careful before buying lighting. Lighting also has an effect that can change the environment you are in. Despite all this, people know very little about Ex-Proof Fluorescent Lighting Products. You can get detailed information by continuing to read our article!<\/p>\t\t <\/div>\r\n\t\t \t\t\t\t\t\r\n\t\t\t\t<\/div>\r\n\t\t\t<\/div>\r\n\t\t<\/div>\r\n\r\n\t\t\t\t<\/div>\r\n\r\n\t\t\t\t<\/div>\n\t\t\t\t<\/div>\n\t\t\t\t\t<\/div>\n\t\t<\/div>\n\t\t\t\t\t<\/div>\n\t\t<\/section>\n\t\t\t\t<\/div>","protected":false},"excerpt":{"rendered":"<p>HABERLER ete enerji Ex-Proof Floresan Ayd\u0131nlatma \u00dcr\u00fcnleri Nedir? Ayd\u0131nlatman\u0131n ne kadar \u00e7e\u015fitli oldu\u011funu art\u0131k herkes biliyor ve ayd\u0131nlatma sat\u0131n almadan \u00f6nce son derece dikkatli davran\u0131yor. Ayd\u0131nlatma ayn\u0131 zamanda bulundu\u011funuz ortam\u0131 \u2026 Ex-Proof Pano Petrol, do\u011fal gaz, kimya, k\u00f6m\u00fcr, hububat silolar\u0131, mobilya fabrikalar\u0131, ila\u00e7 sanayi ile g\u0131da sanayi gibi baz\u0131 \u00e7al\u0131\u015fma alanlar\u0131nda patlay\u0131c\u0131 ortam denilen bir [&hellip;]<\/p>","protected":false},"author":1,"featured_media":0,"parent":0,"menu_order":6,"comment_status":"closed","ping_status":"closed","template":"elementor_header_footer","meta":{"footnotes":""},"yoast_head":"<!-- This site is optimized with the Yoast SEO plugin v16.9 - https:\/\/yoast.com\/wordpress\/plugins\/seo\/ -->\n<title>Haberler - Robustex<\/title>\n<meta name=\"description\" content=\"Robustex hakk\u0131nda yaz\u0131lara ve haberlere bu sayfadan an\u0131nda g\u00f6z at\u0131n. Robustex haberlerini inceleyin.\" \/>\n<meta name=\"robots\" content=\"index, follow, max-snippet:-1, max-image-preview:large, max-video-preview:-1\" \/>\n<link rel=\"canonical\" href=\"https:\/\/www.robustex.com.tr\/en\/haberler\/\" \/>\n<meta property=\"og:locale\" content=\"en_US\" \/>\n<meta property=\"og:type\" content=\"article\" \/>\n<meta property=\"og:title\" content=\"Haberler - Robustex\" \/>\n<meta property=\"og:description\" content=\"Robustex hakk\u0131nda yaz\u0131lara ve haberlere bu sayfadan an\u0131nda g\u00f6z at\u0131n. Robustex haberlerini inceleyin.\" \/>\n<meta property=\"og:url\" content=\"https:\/\/www.robustex.com.tr\/en\/haberler\/\" \/>\n<meta property=\"og:site_name\" content=\"Robustex\" \/>\n<meta property=\"article:modified_time\" content=\"2021-10-22T08:51:28+00:00\" \/>\n<meta property=\"og:image\" content=\"https:\/\/www.robustex.com.tr\/wp-content\/uploads\/2021\/05\/12-1-768x614.jpg\" \/>\n<meta name=\"twitter:card\" content=\"summary_large_image\" \/>\n<meta name=\"twitter:label1\" content=\"Est. reading time\" \/>\n\t<meta name=\"twitter:data1\" content=\"3 minutes\" \/>\n<script type=\"application\/ld+json\" class=\"yoast-schema-graph\">{\"@context\":\"https:\/\/schema.org\",\"@graph\":[{\"@type\":\"WebSite\",\"@id\":\"https:\/\/www.robustex.com.tr\/#website\",\"url\":\"https:\/\/www.robustex.com.tr\/\",\"name\":\"Robustex\",\"description\":\"\",\"potentialAction\":[{\"@type\":\"SearchAction\",\"target\":{\"@type\":\"EntryPoint\",\"urlTemplate\":\"https:\/\/www.robustex.com.tr\/?s={search_term_string}\"},\"query-input\":\"required name=search_term_string\"}],\"inLanguage\":\"en-US\"},{\"@type\":\"ImageObject\",\"@id\":\"https:\/\/www.robustex.com.tr\/haberler\/#primaryimage\",\"inLanguage\":\"en-US\",\"url\":\"https:\/\/www.robustex.com.tr\/wp-content\/uploads\/2021\/05\/12-1.jpg\",\"contentUrl\":\"https:\/\/www.robustex.com.tr\/wp-content\/uploads\/2021\/05\/12-1.jpg\",\"width\":1000,\"height\":800},{\"@type\":\"WebPage\",\"@id\":\"https:\/\/www.robustex.com.tr\/haberler\/#webpage\",\"url\":\"https:\/\/www.robustex.com.tr\/haberler\/\",\"name\":\"Haberler - Robustex\",\"isPartOf\":{\"@id\":\"https:\/\/www.robustex.com.tr\/#website\"},\"primaryImageOfPage\":{\"@id\":\"https:\/\/www.robustex.com.tr\/haberler\/#primaryimage\"},\"datePublished\":\"2021-04-25T13:24:58+00:00\",\"dateModified\":\"2021-10-22T08:51:28+00:00\",\"description\":\"Robustex hakk\\u0131nda yaz\\u0131lara ve haberlere bu sayfadan an\\u0131nda g\\u00f6z at\\u0131n. Robustex haberlerini inceleyin.\",\"breadcrumb\":{\"@id\":\"https:\/\/www.robustex.com.tr\/haberler\/#breadcrumb\"},\"inLanguage\":\"en-US\",\"potentialAction\":[{\"@type\":\"ReadAction\",\"target\":[\"https:\/\/www.robustex.com.tr\/haberler\/\"]}]},{\"@type\":\"BreadcrumbList\",\"@id\":\"https:\/\/www.robustex.com.tr\/haberler\/#breadcrumb\",\"itemListElement\":[{\"@type\":\"ListItem\",\"position\":1,\"name\":\"Anasayfa\",\"item\":\"https:\/\/www.robustex.com.tr\/\"},{\"@type\":\"ListItem\",\"position\":2,\"name\":\"Haberler\"}]}]}<\/script>\n<!-- \/ Yoast SEO plugin. -->","yoast_head_json":{"title":"Haberler - Robustex","description":"Robustex hakk\u0131nda yaz\u0131lara ve haberlere bu sayfadan an\u0131nda g\u00f6z at\u0131n. Robustex haberlerini inceleyin.","robots":{"index":"index","follow":"follow","max-snippet":"max-snippet:-1","max-image-preview":"max-image-preview:large","max-video-preview":"max-video-preview:-1"},"canonical":"https:\/\/www.robustex.com.tr\/en\/haberler\/","og_locale":"en_US","og_type":"article","og_title":"Haberler - Robustex","og_description":"Robustex hakk\u0131nda yaz\u0131lara ve haberlere bu sayfadan an\u0131nda g\u00f6z at\u0131n. Robustex haberlerini inceleyin.","og_url":"https:\/\/www.robustex.com.tr\/en\/haberler\/","og_site_name":"Robustex","article_modified_time":"2021-10-22T08:51:28+00:00","og_image":[{"url":"https:\/\/www.robustex.com.tr\/wp-content\/uploads\/2021\/05\/12-1-768x614.jpg"}],"twitter_card":"summary_large_image","twitter_misc":{"Est. reading time":"3 minutes"},"schema":{"@context":"https:\/\/schema.org","@graph":[{"@type":"WebSite","@id":"https:\/\/www.robustex.com.tr\/#website","url":"https:\/\/www.robustex.com.tr\/","name":"Robustex","description":"","potentialAction":[{"@type":"SearchAction","target":{"@type":"EntryPoint","urlTemplate":"https:\/\/www.robustex.com.tr\/?s={search_term_string}"},"query-input":"required name=search_term_string"}],"inLanguage":"en-US"},{"@type":"ImageObject","@id":"https:\/\/www.robustex.com.tr\/haberler\/#primaryimage","inLanguage":"en-US","url":"https:\/\/www.robustex.com.tr\/wp-content\/uploads\/2021\/05\/12-1.jpg","contentUrl":"https:\/\/www.robustex.com.tr\/wp-content\/uploads\/2021\/05\/12-1.jpg","width":1000,"height":800},{"@type":"WebPage","@id":"https:\/\/www.robustex.com.tr\/haberler\/#webpage","url":"https:\/\/www.robustex.com.tr\/haberler\/","name":"Haberler - Robustex","isPartOf":{"@id":"https:\/\/www.robustex.com.tr\/#website"},"primaryImageOfPage":{"@id":"https:\/\/www.robustex.com.tr\/haberler\/#primaryimage"},"datePublished":"2021-04-25T13:24:58+00:00","dateModified":"2021-10-22T08:51:28+00:00","description":"Robustex hakk\u0131nda yaz\u0131lara ve haberlere bu sayfadan an\u0131nda g\u00f6z at\u0131n. Robustex haberlerini inceleyin.","breadcrumb":{"@id":"https:\/\/www.robustex.com.tr\/haberler\/#breadcrumb"},"inLanguage":"en-US","potentialAction":[{"@type":"ReadAction","target":["https:\/\/www.robustex.com.tr\/haberler\/"]}]},{"@type":"BreadcrumbList","@id":"https:\/\/www.robustex.com.tr\/haberler\/#breadcrumb","itemListElement":[{"@type":"ListItem","position":1,"name":"Anasayfa","item":"https:\/\/www.robustex.com.tr\/"},{"@type":"ListItem","position":2,"name":"Haberler"}]}]}},"_links":{"self":[{"href":"https:\/\/www.robustex.com.tr\/en\/wp-json\/wp\/v2\/pages\/204"}],"collection":[{"href":"https:\/\/www.robustex.com.tr\/en\/wp-json\/wp\/v2\/pages"}],"about":[{"href":"https:\/\/www.robustex.com.tr\/en\/wp-json\/wp\/v2\/types\/page"}],"author":[{"embeddable":true,"href":"https:\/\/www.robustex.com.tr\/en\/wp-json\/wp\/v2\/users\/1"}],"replies":[{"embeddable":true,"href":"https:\/\/www.robustex.com.tr\/en\/wp-json\/wp\/v2\/comments?post=204"}],"version-history":[{"count":26,"href":"https:\/\/www.robustex.com.tr\/en\/wp-json\/wp\/v2\/pages\/204\/revisions"}],"predecessor-version":[{"id":4007,"href":"https:\/\/www.robustex.com.tr\/en\/wp-json\/wp\/v2\/pages\/204\/revisions\/4007"}],"wp:attachment":[{"href":"https:\/\/www.robustex.com.tr\/en\/wp-json\/wp\/v2\/media?parent=204"}],"curies":[{"name":"wp","href":"https:\/\/api.w.org\/{rel}","templated":true}]}}