{"id":1728,"date":"2021-08-18T04:51:05","date_gmt":"2021-08-18T04:51:05","guid":{"rendered":"https:\/\/www.karenelectrical.co.uk\/?page_id=1728"},"modified":"2021-09-23T21:21:53","modified_gmt":"2021-09-23T21:21:53","slug":"ejb-ex-d-enclosures-in-stainless-steel","status":"publish","type":"page","link":"https:\/\/www.robustex.com.tr\/en\/urunler\/d-type-enclosures\/ejb-ex-d-enclosures-in-stainless-steel\/","title":{"rendered":"EJB Type Stainless Steel Ex-Proof Enclosures"},"content":{"rendered":"<div data-elementor-type=\"wp-page\" data-elementor-id=\"1728\" class=\"elementor elementor-1728\">\n\t\t\t\t\t\t<section class=\"elementor-section elementor-top-section elementor-element elementor-element-5c820e9 elementor-section-full_width elementor-section-stretched elementor-hidden-desktop elementor-hidden-tablet elementor-section-height-default elementor-section-height-default\" data-id=\"5c820e9\" data-element_type=\"section\" data-settings=\"{&quot;stretch_section&quot;:&quot;section-stretched&quot;,&quot;background_background&quot;:&quot;classic&quot;,&quot;_ha_eqh_enable&quot;:false}\">\n\t\t\t\t\t\t<div class=\"elementor-container elementor-column-gap-default\">\n\t\t\t\t\t<div class=\"elementor-column elementor-col-100 elementor-top-column elementor-element elementor-element-96a6ada\" data-id=\"96a6ada\" data-element_type=\"column\">\n\t\t\t<div class=\"elementor-widget-wrap elementor-element-populated\">\n\t\t\t\t\t\t<div class=\"elementor-element elementor-element-dacdfe2 elementor-widget elementor-widget-text-editor\" data-id=\"dacdfe2\" data-element_type=\"widget\" data-widget_type=\"text-editor.default\">\n\t\t\t\t<div class=\"elementor-widget-container\">\n\t\t\t\t\t\t\t<div class=\"trp_language_switcher_shortcode\">\n<div class=\"trp-language-switcher trp-language-switcher-container\" data-no-translation>\n    <div class=\"trp-ls-shortcode-current-language\">\n        <a href=\"#\" class=\"trp-ls-shortcode-disabled-language trp-ls-disabled-language\" title=\"English\" onclick=\"event.preventDefault()\">\n\t\t\t<img decoding=\"async\" class=\"trp-flag-image\" src=\"https:\/\/www.robustex.com.tr\/wp-content\/plugins\/translatepress-multilingual\/assets\/images\/flags\/en_US.png\" width=\"18\" height=\"12\" alt=\"en_US\" title=\"English\"> EN\t\t<\/a>\n    <\/div>\n    <div class=\"trp-ls-shortcode-language\">\n                <a href=\"#\" class=\"trp-ls-shortcode-disabled-language trp-ls-disabled-language\"  title=\"English\" onclick=\"event.preventDefault()\">\n\t\t\t<img decoding=\"async\" class=\"trp-flag-image\" src=\"https:\/\/www.robustex.com.tr\/wp-content\/plugins\/translatepress-multilingual\/assets\/images\/flags\/en_US.png\" width=\"18\" height=\"12\" alt=\"en_US\" title=\"English\"> EN\t\t<\/a>\n                    <a href=\"https:\/\/www.robustex.com.tr\/wp-json\/wp\/v2\/pages\/1728\/\" title=\"Turkish\">\n            <img decoding=\"async\" class=\"trp-flag-image\" src=\"https:\/\/www.robustex.com.tr\/wp-content\/plugins\/translatepress-multilingual\/assets\/images\/flags\/tr_TR.png\" width=\"18\" height=\"12\" alt=\"tr_TR\" title=\"Turkish\"> TR        <\/a>\n\n        <\/div>\n    <script type=\"application\/javascript\">\n        \/\/ need to have the same with set from JS on both divs. Otherwise it can push stuff around in HTML\n        var trp_ls_shortcodes = document.querySelectorAll('.trp_language_switcher_shortcode .trp-language-switcher');\n        if ( trp_ls_shortcodes.length > 0) {\n            \/\/ get the last language switcher added\n            var trp_el = trp_ls_shortcodes[trp_ls_shortcodes.length - 1];\n\n            var trp_shortcode_language_item = trp_el.querySelector( '.trp-ls-shortcode-language' )\n            \/\/ set width\n            var trp_ls_shortcode_width                                               = trp_shortcode_language_item.offsetWidth + 16;\n            trp_shortcode_language_item.style.width                                  = trp_ls_shortcode_width + 'px';\n            trp_el.querySelector( '.trp-ls-shortcode-current-language' ).style.width = trp_ls_shortcode_width + 'px';\n\n            \/\/ We're putting this on display: none after we have its width.\n            trp_shortcode_language_item.style.display = 'none';\n        }\n    <\/script>\n<\/div>\n<\/div>\t\t\t\t\t\t<\/div>\n\t\t\t\t<\/div>\n\t\t\t\t\t<\/div>\n\t\t<\/div>\n\t\t\t\t\t<\/div>\n\t\t<\/section>\n\t\t\t\t<section class=\"elementor-section elementor-top-section elementor-element elementor-element-603e5d9e elementor-section-full_width elementor-section-stretched elementor-section-height-default elementor-section-height-default\" data-id=\"603e5d9e\" data-element_type=\"section\" data-settings=\"{&quot;background_background&quot;:&quot;classic&quot;,&quot;stretch_section&quot;:&quot;section-stretched&quot;,&quot;_ha_eqh_enable&quot;:false}\">\n\t\t\t\t\t\t\t<div class=\"elementor-background-overlay\"><\/div>\n\t\t\t\t\t\t\t<div class=\"elementor-container elementor-column-gap-default\">\n\t\t\t\t\t<div class=\"elementor-column elementor-col-50 elementor-top-column elementor-element elementor-element-23102ee6\" data-id=\"23102ee6\" data-element_type=\"column\">\n\t\t\t<div class=\"elementor-widget-wrap elementor-element-populated\">\n\t\t\t\t\t\t<div class=\"elementor-element elementor-element-66056c2 premium-title-color elementor-widget elementor-widget-premium-addon-title\" data-id=\"66056c2\" data-element_type=\"widget\" data-widget_type=\"premium-addon-title.default\">\n\t\t\t\t<div class=\"elementor-widget-container\">\n\t\t\t\r\n\t\t<div class=\"premium-title-container style1\">\r\n\t\t\t<h2 class=\"premium-title-header premium-title-style1\">\r\n\t\t\t\t\r\n\t\t\t\t\r\n\t\t\t\t\t\t\t\t\t\t\t\t<span class=\"premium-title-text\" >\r\n\t\t\t\t\tEJB Ex d Type Stainless Steel Ex-Proof Enclosure \t\t\t\t<\/span>\r\n\t\t\t\t\t\r\n\t\t\t\t\t\t\t\t\t\t\t<\/h2>\r\n\t\t<\/div>\r\n\r\n\t\t\t\t<\/div>\n\t\t\t\t<\/div>\n\t\t\t\t\t<\/div>\n\t\t<\/div>\n\t\t\t\t<div class=\"elementor-column elementor-col-50 elementor-top-column elementor-element elementor-element-f082005\" data-id=\"f082005\" data-element_type=\"column\">\n\t\t\t<div class=\"elementor-widget-wrap\">\n\t\t\t\t\t\t\t<\/div>\n\t\t<\/div>\n\t\t\t\t\t<\/div>\n\t\t<\/section>\n\t\t\t\t<section class=\"elementor-section elementor-top-section elementor-element elementor-element-26cc40f5 elementor-section-content-middle elementor-section-full_width elementor-section-stretched elementor-section-height-default elementor-section-height-default\" data-id=\"26cc40f5\" data-element_type=\"section\" data-settings=\"{&quot;stretch_section&quot;:&quot;section-stretched&quot;,&quot;_ha_eqh_enable&quot;:false}\">\n\t\t\t\t\t\t<div class=\"elementor-container elementor-column-gap-default\">\n\t\t\t\t\t<div class=\"elementor-column elementor-col-50 elementor-top-column elementor-element elementor-element-eefa044\" data-id=\"eefa044\" data-element_type=\"column\">\n\t\t\t<div class=\"elementor-widget-wrap elementor-element-populated\">\n\t\t\t\t\t\t<div class=\"elementor-element elementor-element-7d849b41 elementor-widget elementor-widget-heading\" data-id=\"7d849b41\" data-element_type=\"widget\" data-widget_type=\"heading.default\">\n\t\t\t\t<div class=\"elementor-widget-container\">\n\t\t\t<h2 class=\"elementor-heading-title elementor-size-default\">EJB<\/h2>\t\t<\/div>\n\t\t\t\t<\/div>\n\t\t\t\t<div class=\"elementor-element elementor-element-597a7699 ha-css-transform-yes elementor-hidden-tablet elementor-hidden-phone elementor-widget elementor-widget-heading\" data-id=\"597a7699\" data-element_type=\"widget\" data-widget_type=\"heading.default\">\n\t\t\t\t<div class=\"elementor-widget-container\">\n\t\t\t<span class=\"elementor-heading-title elementor-size-large\">ZONE 1 \/ ZONE 2<\/span>\t\t<\/div>\n\t\t\t\t<\/div>\n\t\t\t\t\t<\/div>\n\t\t<\/div>\n\t\t\t\t<div class=\"elementor-column elementor-col-50 elementor-top-column elementor-element elementor-element-c6de065\" data-id=\"c6de065\" data-element_type=\"column\">\n\t\t\t<div class=\"elementor-widget-wrap elementor-element-populated\">\n\t\t\t\t\t\t<div class=\"elementor-element elementor-element-2654cef elementor-widget elementor-widget-image\" data-id=\"2654cef\" data-element_type=\"widget\" data-widget_type=\"image.default\">\n\t\t\t\t<div class=\"elementor-widget-container\">\n\t\t\t\t\t\t\t\t\t\t\t\t\t<img decoding=\"async\" src=\"https:\/\/www.karenelectrical.co.uk\/wp-content\/uploads\/2021\/08\/enclosures_technor_ejb316l_415x300.jpg\" title=\"\" alt=\"\" loading=\"lazy\" \/>\t\t\t\t\t\t\t\t\t\t\t\t\t<\/div>\n\t\t\t\t<\/div>\n\t\t\t\t<div class=\"elementor-element elementor-element-2ce94746 elementor-widget elementor-widget-text-editor\" data-id=\"2ce94746\" data-element_type=\"widget\" data-widget_type=\"text-editor.default\">\n\t\t\t\t<div class=\"elementor-widget-container\">\n\t\t\t\t\t\t\t<p><strong>MODEL<\/strong>: EJB<br \/><strong>BRAND<\/strong>: TECHNOR ITALSMEA<\/p><p><strong>PRODUCT:<\/strong> EXPROOF \"d\" TYPE ALUMINIUM ENCLOSURE<br \/><strong>MATERIAL<\/strong>:Stainless Steel AISI 316L<\/p><p><strong>ATEX&amp;IECEX LABELLING\u00a0 <\/strong><\/p><p>II 2 GD<\/p><div><div>Ex d IIB T(**) Gb \/ Ex d IIB+H2 T(**) Gb<\/div><div>Ex tb IIIC T(**) Db IP65 or 66 or 67 ** T6\/T85\u00b0C, T5\/T100\u00b0C, T4\/T135\u00b0C, T3\/T200\u00b0C II 2(1) GD<\/div><div>Ex d [ia Ga] IIB T6 Gb \/ Ex d [ia Ga] IIB+H2 T6 Gb<\/div><div>Ex tb [ia Da] IIIC T85\u00b0C Db IP65 or 66 or 67 II 2(2) GD<\/div><div>Ex d [ib] IIB T6 Gb or Ex d [ib] IIB+H2 T6 Gb<\/div><div>Ex tb [ib] IIIC T85\u00b0C Db IP65 or 66 or 67<\/div><\/div><div>\u00a0<\/div><p><strong>ATEX &amp; IECEX CERTIFICATE:<\/strong><\/p><div>INERIS 00ATEX0021X<\/div><div>TR CU(AVAILABLE)<\/div><div>IECEx INE 10.0015X<\/div><div>INMETRO(AVAILABLE)<\/div><p><strong>INTENDED USE :<\/strong> Zone-1 \/ Zone-21 \/ Zone-2 \/ Zone-22<\/p><p><strong>AMBIENT TEMPERATURE:<\/strong>-50\u00b0C to +60\u00b0C (ATEX)<br \/>-20\u00b0C ; +60\u00b0C (IECEx &#8211; EAC)<\/p>\t\t\t\t\t\t<\/div>\n\t\t\t\t<\/div>\n\t\t\t\t\t<\/div>\n\t\t<\/div>\n\t\t\t\t\t<\/div>\n\t\t<\/section>\n\t\t\t\t<section class=\"elementor-section elementor-top-section elementor-element elementor-element-c6eb326 elementor-section-content-middle elementor-section-full_width elementor-section-stretched elementor-section-height-default elementor-section-height-default\" data-id=\"c6eb326\" data-element_type=\"section\" data-settings=\"{&quot;stretch_section&quot;:&quot;section-stretched&quot;,&quot;_ha_eqh_enable&quot;:false}\">\n\t\t\t\t\t\t<div class=\"elementor-container elementor-column-gap-default\">\n\t\t\t\t\t<div class=\"elementor-column elementor-col-100 elementor-top-column elementor-element elementor-element-2867a45\" data-id=\"2867a45\" data-element_type=\"column\">\n\t\t\t<div class=\"elementor-widget-wrap elementor-element-populated\">\n\t\t\t\t\t\t<div class=\"elementor-element elementor-element-6957e58 elementor-widget elementor-widget-heading\" data-id=\"6957e58\" data-element_type=\"widget\" data-widget_type=\"heading.default\">\n\t\t\t\t<div class=\"elementor-widget-container\">\n\t\t\t<h1 class=\"elementor-heading-title elementor-size-large\">Certificates &amp; Catalogues<\/h1>\t\t<\/div>\n\t\t\t\t<\/div>\n\t\t\t\t\t<\/div>\n\t\t<\/div>\n\t\t\t\t\t<\/div>\n\t\t<\/section>\n\t\t\t\t<section class=\"elementor-section elementor-top-section elementor-element elementor-element-08fcef7 elementor-section-content-middle elementor-section-full_width elementor-section-stretched elementor-section-height-default elementor-section-height-default\" data-id=\"08fcef7\" data-element_type=\"section\" data-settings=\"{&quot;stretch_section&quot;:&quot;section-stretched&quot;,&quot;_ha_eqh_enable&quot;:false}\">\n\t\t\t\t\t\t<div class=\"elementor-container elementor-column-gap-default\">\n\t\t\t\t\t<div class=\"elementor-column elementor-col-50 elementor-top-column elementor-element elementor-element-a4e6a03\" data-id=\"a4e6a03\" data-element_type=\"column\">\n\t\t\t<div class=\"elementor-widget-wrap\">\n\t\t\t\t\t\t\t<\/div>\n\t\t<\/div>\n\t\t\t\t<div class=\"elementor-column elementor-col-50 elementor-top-column elementor-element elementor-element-8dc143a\" data-id=\"8dc143a\" data-element_type=\"column\">\n\t\t\t<div class=\"elementor-widget-wrap elementor-element-populated\">\n\t\t\t\t\t\t<div class=\"elementor-element elementor-element-ea0d1e5 elementor-widget elementor-widget-button\" data-id=\"ea0d1e5\" data-element_type=\"widget\" data-widget_type=\"button.default\">\n\t\t\t\t<div class=\"elementor-widget-container\">\n\t\t\t\t\t<div class=\"elementor-button-wrapper\">\n\t\t\t<a class=\"elementor-button elementor-button-link elementor-size-sm\" href=\"https:\/\/www.robustex.com.tr\/wp-content\/uploads\/2021\/09\/TECHNOR-EJB-SS-EN.pdf\" target=\"_blank\">\n\t\t\t\t\t\t<span class=\"elementor-button-content-wrapper\">\n\t\t\t\t\t\t<span class=\"elementor-button-icon elementor-align-icon-right\">\n\t\t\t\t<i aria-hidden=\"true\" class=\"fas fa-download\"><\/i>\t\t\t<\/span>\n\t\t\t\t\t\t<span class=\"elementor-button-text\">EJB AISI 316L CATALOGUE<\/span>\n\t\t<\/span>\n\t\t\t\t\t<\/a>\n\t\t<\/div>\n\t\t\t\t<\/div>\n\t\t\t\t<\/div>\n\t\t\t\t<div class=\"elementor-element elementor-element-3953c00 elementor-widget elementor-widget-button\" data-id=\"3953c00\" data-element_type=\"widget\" data-widget_type=\"button.default\">\n\t\t\t\t<div class=\"elementor-widget-container\">\n\t\t\t\t\t<div class=\"elementor-button-wrapper\">\n\t\t\t<a class=\"elementor-button elementor-button-link elementor-size-sm\" href=\"https:\/\/www.robustex.com.tr\/wp-content\/uploads\/2021\/09\/EJB-Certificate-ATEX.pdf\" target=\"_blank\">\n\t\t\t\t\t\t<span class=\"elementor-button-content-wrapper\">\n\t\t\t\t\t\t<span class=\"elementor-button-icon elementor-align-icon-right\">\n\t\t\t\t<i aria-hidden=\"true\" class=\"fas fa-download\"><\/i>\t\t\t<\/span>\n\t\t\t\t\t\t<span class=\"elementor-button-text\">EJB ATEX CERTIFICATE<\/span>\n\t\t<\/span>\n\t\t\t\t\t<\/a>\n\t\t<\/div>\n\t\t\t\t<\/div>\n\t\t\t\t<\/div>\n\t\t\t\t<div class=\"elementor-element elementor-element-fa29081 elementor-widget elementor-widget-button\" data-id=\"fa29081\" data-element_type=\"widget\" data-widget_type=\"button.default\">\n\t\t\t\t<div class=\"elementor-widget-container\">\n\t\t\t\t\t<div class=\"elementor-button-wrapper\">\n\t\t\t<a class=\"elementor-button elementor-button-link elementor-size-sm\" href=\"https:\/\/www.robustex.com.tr\/wp-content\/uploads\/2021\/09\/EJB-Certificate-IECEx.pdf\" target=\"_blank\">\n\t\t\t\t\t\t<span class=\"elementor-button-content-wrapper\">\n\t\t\t\t\t\t<span class=\"elementor-button-icon elementor-align-icon-right\">\n\t\t\t\t<i aria-hidden=\"true\" class=\"fas fa-download\"><\/i>\t\t\t<\/span>\n\t\t\t\t\t\t<span class=\"elementor-button-text\">EJB IECEX CERTIFICATE<\/span>\n\t\t<\/span>\n\t\t\t\t\t<\/a>\n\t\t<\/div>\n\t\t\t\t<\/div>\n\t\t\t\t<\/div>\n\t\t\t\t\t<\/div>\n\t\t<\/div>\n\t\t\t\t\t<\/div>\n\t\t<\/section>\n\t\t\t\t<\/div>","protected":false},"excerpt":{"rendered":"<p>EJB Ex d Tip Paslanmaz \u00c7elik Ex-Proof Pano EJB ZONE 1 \/ ZONE 2 MODEL: EJB MARKA: TECHNOR ITALSMEA \u00dcR\u00dcN: EXPROOF &#8220;d&#8221; T\u0130P ALUMINYUM KUTU MALZEME:Paslanmaz \u00c7elik AISI 316 L ATEX&amp;IECEX ET\u0130KET\u0130\u00a0 II 2 GD Ex d IIB T(**) Gb \/ Ex d IIB+H2 T(**) GbEx tb IIIC T(**) Db IP65 or 66 or 67 [&hellip;]<\/p>","protected":false},"author":2,"featured_media":0,"parent":1610,"menu_order":1,"comment_status":"closed","ping_status":"closed","template":"elementor_header_footer","meta":{"footnotes":""},"yoast_head":"<!-- This site is optimized with the Yoast SEO plugin v16.9 - https:\/\/yoast.com\/wordpress\/plugins\/seo\/ -->\n<title>EJB Type Stainless Steel Ex-Proof Enclosures - Robustex<\/title>\n<meta name=\"description\" content=\"MODEL: EJBBRAND: TECHNOR ITALSMEAPRODUCT: EXPROOF &quot;d&quot; TYPE ALUMINIUM ENCLOSUREMATERIAL:Stainless Steel AISI 316L\" \/>\n<meta name=\"robots\" content=\"index, follow, max-snippet:-1, max-image-preview:large, max-video-preview:-1\" \/>\n<link rel=\"canonical\" href=\"https:\/\/www.robustex.com.tr\/en\/urunler\/d-type-enclosures\/ejb-ex-d-enclosures-in-stainless-steel\/\" \/>\n<meta property=\"og:locale\" content=\"en_US\" \/>\n<meta property=\"og:type\" content=\"article\" \/>\n<meta property=\"og:title\" content=\"EJB Type Stainless Steel Ex-Proof Enclosures - Robustex\" \/>\n<meta property=\"og:description\" content=\"MODEL: EJBBRAND: TECHNOR ITALSMEAPRODUCT: EXPROOF &quot;d&quot; TYPE ALUMINIUM ENCLOSUREMATERIAL:Stainless Steel AISI 316L\" \/>\n<meta property=\"og:url\" content=\"https:\/\/www.robustex.com.tr\/en\/urunler\/d-type-enclosures\/ejb-ex-d-enclosures-in-stainless-steel\/\" \/>\n<meta property=\"og:site_name\" content=\"Robustex\" \/>\n<meta property=\"article:modified_time\" content=\"2021-09-23T21:21:53+00:00\" \/>\n<meta property=\"og:image\" content=\"https:\/\/www.karenelectrical.co.uk\/wp-content\/uploads\/2021\/08\/enclosures_technor_ejb316l_415x300.jpg\" \/>\n<meta name=\"twitter:card\" content=\"summary_large_image\" \/>\n<meta name=\"twitter:label1\" content=\"Est. reading time\" \/>\n\t<meta name=\"twitter:data1\" content=\"1 minute\" \/>\n<script type=\"application\/ld+json\" class=\"yoast-schema-graph\">{\"@context\":\"https:\/\/schema.org\",\"@graph\":[{\"@type\":\"WebSite\",\"@id\":\"https:\/\/www.robustex.com.tr\/#website\",\"url\":\"https:\/\/www.robustex.com.tr\/\",\"name\":\"Robustex\",\"description\":\"\",\"potentialAction\":[{\"@type\":\"SearchAction\",\"target\":{\"@type\":\"EntryPoint\",\"urlTemplate\":\"https:\/\/www.robustex.com.tr\/?s={search_term_string}\"},\"query-input\":\"required name=search_term_string\"}],\"inLanguage\":\"en-US\"},{\"@type\":\"ImageObject\",\"@id\":\"https:\/\/www.robustex.com.tr\/urunler\/d-type-enclosures\/ejb-ex-d-enclosures-in-stainless-steel\/#primaryimage\",\"inLanguage\":\"en-US\",\"url\":\"https:\/\/www.karenelectrical.co.uk\/wp-content\/uploads\/2021\/08\/enclosures_technor_ejb316l_415x300.jpg\",\"contentUrl\":\"https:\/\/www.karenelectrical.co.uk\/wp-content\/uploads\/2021\/08\/enclosures_technor_ejb316l_415x300.jpg\"},{\"@type\":\"WebPage\",\"@id\":\"https:\/\/www.robustex.com.tr\/urunler\/d-type-enclosures\/ejb-ex-d-enclosures-in-stainless-steel\/#webpage\",\"url\":\"https:\/\/www.robustex.com.tr\/urunler\/d-type-enclosures\/ejb-ex-d-enclosures-in-stainless-steel\/\",\"name\":\"EJB Type Stainless Steel Ex-Proof Enclosures - Robustex\",\"isPartOf\":{\"@id\":\"https:\/\/www.robustex.com.tr\/#website\"},\"primaryImageOfPage\":{\"@id\":\"https:\/\/www.robustex.com.tr\/urunler\/d-type-enclosures\/ejb-ex-d-enclosures-in-stainless-steel\/#primaryimage\"},\"datePublished\":\"2021-08-18T04:51:05+00:00\",\"dateModified\":\"2021-09-23T21:21:53+00:00\",\"description\":\"MODEL: EJBBRAND: TECHNOR ITALSMEAPRODUCT: EXPROOF \\\"d\\\" TYPE ALUMINIUM ENCLOSUREMATERIAL:Stainless Steel AISI 316L\",\"breadcrumb\":{\"@id\":\"https:\/\/www.robustex.com.tr\/urunler\/d-type-enclosures\/ejb-ex-d-enclosures-in-stainless-steel\/#breadcrumb\"},\"inLanguage\":\"en-US\",\"potentialAction\":[{\"@type\":\"ReadAction\",\"target\":[\"https:\/\/www.robustex.com.tr\/urunler\/d-type-enclosures\/ejb-ex-d-enclosures-in-stainless-steel\/\"]}]},{\"@type\":\"BreadcrumbList\",\"@id\":\"https:\/\/www.robustex.com.tr\/urunler\/d-type-enclosures\/ejb-ex-d-enclosures-in-stainless-steel\/#breadcrumb\",\"itemListElement\":[{\"@type\":\"ListItem\",\"position\":1,\"name\":\"Anasayfa\",\"item\":\"https:\/\/www.robustex.com.tr\/\"},{\"@type\":\"ListItem\",\"position\":2,\"name\":\"\\u00dcr\\u00fcnler\",\"item\":\"https:\/\/www.robustex.com.tr\/urunler\/\"},{\"@type\":\"ListItem\",\"position\":3,\"name\":\"Ex-Proof &#8220;d&#8221; Type Enclosures\",\"item\":\"https:\/\/www.robustex.com.tr\/urunler\/d-type-enclosures\/\"},{\"@type\":\"ListItem\",\"position\":4,\"name\":\"EJB Type Stainless Steel Ex-Proof Enclosures\"}]}]}<\/script>\n<!-- \/ Yoast SEO plugin. -->","yoast_head_json":{"title":"EJB Type Stainless Steel Ex-Proof Enclosures - Robustex","description":"MODEL: EJBBRAND: TECHNOR ITALSMEAPRODUCT: EXPROOF \"d\" TYPE ALUMINIUM ENCLOSUREMATERIAL:Stainless Steel AISI 316L","robots":{"index":"index","follow":"follow","max-snippet":"max-snippet:-1","max-image-preview":"max-image-preview:large","max-video-preview":"max-video-preview:-1"},"canonical":"https:\/\/www.robustex.com.tr\/en\/urunler\/d-type-enclosures\/ejb-ex-d-enclosures-in-stainless-steel\/","og_locale":"en_US","og_type":"article","og_title":"EJB Type Stainless Steel Ex-Proof Enclosures - Robustex","og_description":"MODEL: EJBBRAND: TECHNOR ITALSMEAPRODUCT: EXPROOF \"d\" TYPE ALUMINIUM ENCLOSUREMATERIAL:Stainless Steel AISI 316L","og_url":"https:\/\/www.robustex.com.tr\/en\/urunler\/d-type-enclosures\/ejb-ex-d-enclosures-in-stainless-steel\/","og_site_name":"Robustex","article_modified_time":"2021-09-23T21:21:53+00:00","og_image":[{"url":"https:\/\/www.karenelectrical.co.uk\/wp-content\/uploads\/2021\/08\/enclosures_technor_ejb316l_415x300.jpg"}],"twitter_card":"summary_large_image","twitter_misc":{"Est. reading time":"1 minute"},"schema":{"@context":"https:\/\/schema.org","@graph":[{"@type":"WebSite","@id":"https:\/\/www.robustex.com.tr\/#website","url":"https:\/\/www.robustex.com.tr\/","name":"Robustex","description":"","potentialAction":[{"@type":"SearchAction","target":{"@type":"EntryPoint","urlTemplate":"https:\/\/www.robustex.com.tr\/?s={search_term_string}"},"query-input":"required name=search_term_string"}],"inLanguage":"en-US"},{"@type":"ImageObject","@id":"https:\/\/www.robustex.com.tr\/urunler\/d-type-enclosures\/ejb-ex-d-enclosures-in-stainless-steel\/#primaryimage","inLanguage":"en-US","url":"https:\/\/www.karenelectrical.co.uk\/wp-content\/uploads\/2021\/08\/enclosures_technor_ejb316l_415x300.jpg","contentUrl":"https:\/\/www.karenelectrical.co.uk\/wp-content\/uploads\/2021\/08\/enclosures_technor_ejb316l_415x300.jpg"},{"@type":"WebPage","@id":"https:\/\/www.robustex.com.tr\/urunler\/d-type-enclosures\/ejb-ex-d-enclosures-in-stainless-steel\/#webpage","url":"https:\/\/www.robustex.com.tr\/urunler\/d-type-enclosures\/ejb-ex-d-enclosures-in-stainless-steel\/","name":"EJB Type Stainless Steel Ex-Proof Enclosures - Robustex","isPartOf":{"@id":"https:\/\/www.robustex.com.tr\/#website"},"primaryImageOfPage":{"@id":"https:\/\/www.robustex.com.tr\/urunler\/d-type-enclosures\/ejb-ex-d-enclosures-in-stainless-steel\/#primaryimage"},"datePublished":"2021-08-18T04:51:05+00:00","dateModified":"2021-09-23T21:21:53+00:00","description":"MODEL: EJBBRAND: TECHNOR ITALSMEAPRODUCT: EXPROOF \"d\" TYPE ALUMINIUM ENCLOSUREMATERIAL:Stainless Steel AISI 316L","breadcrumb":{"@id":"https:\/\/www.robustex.com.tr\/urunler\/d-type-enclosures\/ejb-ex-d-enclosures-in-stainless-steel\/#breadcrumb"},"inLanguage":"en-US","potentialAction":[{"@type":"ReadAction","target":["https:\/\/www.robustex.com.tr\/urunler\/d-type-enclosures\/ejb-ex-d-enclosures-in-stainless-steel\/"]}]},{"@type":"BreadcrumbList","@id":"https:\/\/www.robustex.com.tr\/urunler\/d-type-enclosures\/ejb-ex-d-enclosures-in-stainless-steel\/#breadcrumb","itemListElement":[{"@type":"ListItem","position":1,"name":"Anasayfa","item":"https:\/\/www.robustex.com.tr\/"},{"@type":"ListItem","position":2,"name":"\u00dcr\u00fcnler","item":"https:\/\/www.robustex.com.tr\/urunler\/"},{"@type":"ListItem","position":3,"name":"Ex-Proof &#8220;d&#8221; Type Enclosures","item":"https:\/\/www.robustex.com.tr\/urunler\/d-type-enclosures\/"},{"@type":"ListItem","position":4,"name":"EJB Type Stainless Steel Ex-Proof Enclosures"}]}]}},"_links":{"self":[{"href":"https:\/\/www.robustex.com.tr\/en\/wp-json\/wp\/v2\/pages\/1728"}],"collection":[{"href":"https:\/\/www.robustex.com.tr\/en\/wp-json\/wp\/v2\/pages"}],"about":[{"href":"https:\/\/www.robustex.com.tr\/en\/wp-json\/wp\/v2\/types\/page"}],"author":[{"embeddable":true,"href":"https:\/\/www.robustex.com.tr\/en\/wp-json\/wp\/v2\/users\/2"}],"replies":[{"embeddable":true,"href":"https:\/\/www.robustex.com.tr\/en\/wp-json\/wp\/v2\/comments?post=1728"}],"version-history":[{"count":34,"href":"https:\/\/www.robustex.com.tr\/en\/wp-json\/wp\/v2\/pages\/1728\/revisions"}],"predecessor-version":[{"id":3977,"href":"https:\/\/www.robustex.com.tr\/en\/wp-json\/wp\/v2\/pages\/1728\/revisions\/3977"}],"up":[{"embeddable":true,"href":"https:\/\/www.robustex.com.tr\/en\/wp-json\/wp\/v2\/pages\/1610"}],"wp:attachment":[{"href":"https:\/\/www.robustex.com.tr\/en\/wp-json\/wp\/v2\/media?parent=1728"}],"curies":[{"name":"wp","href":"https:\/\/api.w.org\/{rel}","templated":true}]}}