{"id":1579,"date":"2021-08-13T20:50:05","date_gmt":"2021-08-13T20:50:05","guid":{"rendered":"https:\/\/www.karenelectrical.co.uk\/?page_id=1579"},"modified":"2021-09-14T10:09:08","modified_gmt":"2021-09-14T10:09:08","slug":"evde-pr-led-wellglass","status":"publish","type":"page","link":"https:\/\/www.robustex.com.tr\/en\/urunler\/ex-proof-wellglass-floodlights\/evde-pr-led-wellglass\/","title":{"rendered":"EVde-PR Led Wellglass Lighting Fixtures"},"content":{"rendered":"<div data-elementor-type=\"wp-page\" data-elementor-id=\"1579\" class=\"elementor elementor-1579\">\n\t\t\t\t\t\t<section class=\"elementor-section elementor-top-section elementor-element elementor-element-cfe3a6c elementor-section-full_width elementor-section-stretched elementor-hidden-desktop elementor-hidden-tablet elementor-section-height-default elementor-section-height-default\" data-id=\"cfe3a6c\" data-element_type=\"section\" data-settings=\"{&quot;stretch_section&quot;:&quot;section-stretched&quot;,&quot;background_background&quot;:&quot;classic&quot;,&quot;_ha_eqh_enable&quot;:false}\">\n\t\t\t\t\t\t<div class=\"elementor-container elementor-column-gap-default\">\n\t\t\t\t\t<div class=\"elementor-column elementor-col-100 elementor-top-column elementor-element elementor-element-636b57b\" data-id=\"636b57b\" data-element_type=\"column\">\n\t\t\t<div class=\"elementor-widget-wrap elementor-element-populated\">\n\t\t\t\t\t\t<div class=\"elementor-element elementor-element-2bd27b0 elementor-widget elementor-widget-text-editor\" data-id=\"2bd27b0\" data-element_type=\"widget\" data-widget_type=\"text-editor.default\">\n\t\t\t\t<div class=\"elementor-widget-container\">\n\t\t\t\t\t\t\t<div class=\"trp_language_switcher_shortcode\">\n<div class=\"trp-language-switcher trp-language-switcher-container\" data-no-translation>\n    <div class=\"trp-ls-shortcode-current-language\">\n        <a href=\"#\" class=\"trp-ls-shortcode-disabled-language trp-ls-disabled-language\" title=\"English\" onclick=\"event.preventDefault()\">\n\t\t\t<img decoding=\"async\" class=\"trp-flag-image\" src=\"https:\/\/www.robustex.com.tr\/wp-content\/plugins\/translatepress-multilingual\/assets\/images\/flags\/en_US.png\" width=\"18\" height=\"12\" alt=\"en_US\" title=\"English\"> EN\t\t<\/a>\n    <\/div>\n    <div class=\"trp-ls-shortcode-language\">\n                <a href=\"#\" class=\"trp-ls-shortcode-disabled-language trp-ls-disabled-language\"  title=\"English\" onclick=\"event.preventDefault()\">\n\t\t\t<img decoding=\"async\" class=\"trp-flag-image\" src=\"https:\/\/www.robustex.com.tr\/wp-content\/plugins\/translatepress-multilingual\/assets\/images\/flags\/en_US.png\" width=\"18\" height=\"12\" alt=\"en_US\" title=\"English\"> EN\t\t<\/a>\n                    <a href=\"https:\/\/www.robustex.com.tr\/wp-json\/wp\/v2\/pages\/1579\/\" title=\"Turkish\">\n            <img decoding=\"async\" class=\"trp-flag-image\" src=\"https:\/\/www.robustex.com.tr\/wp-content\/plugins\/translatepress-multilingual\/assets\/images\/flags\/tr_TR.png\" width=\"18\" height=\"12\" alt=\"tr_TR\" title=\"Turkish\"> TR        <\/a>\n\n        <\/div>\n    <script type=\"application\/javascript\">\n        \/\/ need to have the same with set from JS on both divs. Otherwise it can push stuff around in HTML\n        var trp_ls_shortcodes = document.querySelectorAll('.trp_language_switcher_shortcode .trp-language-switcher');\n        if ( trp_ls_shortcodes.length > 0) {\n            \/\/ get the last language switcher added\n            var trp_el = trp_ls_shortcodes[trp_ls_shortcodes.length - 1];\n\n            var trp_shortcode_language_item = trp_el.querySelector( '.trp-ls-shortcode-language' )\n            \/\/ set width\n            var trp_ls_shortcode_width                                               = trp_shortcode_language_item.offsetWidth + 16;\n            trp_shortcode_language_item.style.width                                  = trp_ls_shortcode_width + 'px';\n            trp_el.querySelector( '.trp-ls-shortcode-current-language' ).style.width = trp_ls_shortcode_width + 'px';\n\n            \/\/ We're putting this on display: none after we have its width.\n            trp_shortcode_language_item.style.display = 'none';\n        }\n    <\/script>\n<\/div>\n<\/div>\t\t\t\t\t\t<\/div>\n\t\t\t\t<\/div>\n\t\t\t\t\t<\/div>\n\t\t<\/div>\n\t\t\t\t\t<\/div>\n\t\t<\/section>\n\t\t\t\t<section class=\"elementor-section elementor-top-section elementor-element elementor-element-603e5d9e elementor-section-full_width elementor-section-stretched elementor-section-height-default elementor-section-height-default\" data-id=\"603e5d9e\" data-element_type=\"section\" data-settings=\"{&quot;background_background&quot;:&quot;classic&quot;,&quot;stretch_section&quot;:&quot;section-stretched&quot;,&quot;_ha_eqh_enable&quot;:false}\">\n\t\t\t\t\t\t\t<div class=\"elementor-background-overlay\"><\/div>\n\t\t\t\t\t\t\t<div class=\"elementor-container elementor-column-gap-default\">\n\t\t\t\t\t<div class=\"elementor-column elementor-col-50 elementor-top-column elementor-element elementor-element-23102ee6\" data-id=\"23102ee6\" data-element_type=\"column\">\n\t\t\t<div class=\"elementor-widget-wrap elementor-element-populated\">\n\t\t\t\t\t\t<div class=\"elementor-element elementor-element-66056c2 premium-title-color elementor-widget elementor-widget-premium-addon-title\" data-id=\"66056c2\" data-element_type=\"widget\" data-widget_type=\"premium-addon-title.default\">\n\t\t\t\t<div class=\"elementor-widget-container\">\n\t\t\t\r\n\t\t<div class=\"premium-title-container style1\">\r\n\t\t\t<h2 class=\"premium-title-header premium-title-style1\">\r\n\t\t\t\t\r\n\t\t\t\t\r\n\t\t\t\t\t\t\t\t\t\t\t\t<span class=\"premium-title-text\" >\r\n\t\t\t\t\tEVde PR Led Wellglass Lighting Fixtures\t\t\t\t<\/span>\r\n\t\t\t\t\t\r\n\t\t\t\t\t\t\t\t\t\t\t<\/h2>\r\n\t\t<\/div>\r\n\r\n\t\t\t\t<\/div>\n\t\t\t\t<\/div>\n\t\t\t\t\t<\/div>\n\t\t<\/div>\n\t\t\t\t<div class=\"elementor-column elementor-col-50 elementor-top-column elementor-element elementor-element-f082005\" data-id=\"f082005\" data-element_type=\"column\">\n\t\t\t<div class=\"elementor-widget-wrap\">\n\t\t\t\t\t\t\t<\/div>\n\t\t<\/div>\n\t\t\t\t\t<\/div>\n\t\t<\/section>\n\t\t\t\t<section class=\"elementor-section elementor-top-section elementor-element elementor-element-26cc40f5 elementor-section-content-middle elementor-section-full_width elementor-section-stretched elementor-section-height-default elementor-section-height-default\" data-id=\"26cc40f5\" data-element_type=\"section\" data-settings=\"{&quot;stretch_section&quot;:&quot;section-stretched&quot;,&quot;_ha_eqh_enable&quot;:false}\">\n\t\t\t\t\t\t<div class=\"elementor-container elementor-column-gap-default\">\n\t\t\t\t\t<div class=\"elementor-column elementor-col-50 elementor-top-column elementor-element elementor-element-eefa044\" data-id=\"eefa044\" data-element_type=\"column\">\n\t\t\t<div class=\"elementor-widget-wrap elementor-element-populated\">\n\t\t\t\t\t\t<div class=\"elementor-element elementor-element-7d849b41 elementor-widget elementor-widget-heading\" data-id=\"7d849b41\" data-element_type=\"widget\" data-widget_type=\"heading.default\">\n\t\t\t\t<div class=\"elementor-widget-container\">\n\t\t\t<h2 class=\"elementor-heading-title elementor-size-default\">EVde PR Led<\/h2>\t\t<\/div>\n\t\t\t\t<\/div>\n\t\t\t\t<div class=\"elementor-element elementor-element-597a7699 ha-css-transform-yes elementor-hidden-tablet elementor-hidden-phone elementor-widget elementor-widget-heading\" data-id=\"597a7699\" data-element_type=\"widget\" data-widget_type=\"heading.default\">\n\t\t\t\t<div class=\"elementor-widget-container\">\n\t\t\t<span class=\"elementor-heading-title elementor-size-large\">ZONE 1 \/ ZONE 2<\/span>\t\t<\/div>\n\t\t\t\t<\/div>\n\t\t\t\t\t<\/div>\n\t\t<\/div>\n\t\t\t\t<div class=\"elementor-column elementor-col-50 elementor-top-column elementor-element elementor-element-c6de065\" data-id=\"c6de065\" data-element_type=\"column\">\n\t\t\t<div class=\"elementor-widget-wrap elementor-element-populated\">\n\t\t\t\t\t\t<div class=\"elementor-element elementor-element-2654cef elementor-widget elementor-widget-image\" data-id=\"2654cef\" data-element_type=\"widget\" data-widget_type=\"image.default\">\n\t\t\t\t<div class=\"elementor-widget-container\">\n\t\t\t\t\t\t\t\t\t\t\t\t\t<img decoding=\"async\" src=\"https:\/\/www.karenelectrical.co.uk\/wp-content\/uploads\/2021\/08\/evde_led_series_1500x1560.png\" title=\"\" alt=\"\" loading=\"lazy\" \/>\t\t\t\t\t\t\t\t\t\t\t\t\t<\/div>\n\t\t\t\t<\/div>\n\t\t\t\t<div class=\"elementor-element elementor-element-2ce94746 elementor-widget elementor-widget-text-editor\" data-id=\"2ce94746\" data-element_type=\"widget\" data-widget_type=\"text-editor.default\">\n\t\t\t\t<div class=\"elementor-widget-container\">\n\t\t\t\t\t\t\t<p><strong>MODEL<\/strong>: EVde PR Led<br \/><strong>BRAND<\/strong>: TECHNOR ITALSMEA<br \/><strong>PRODUCT<\/strong>: EXPROOF LED Wellglas Lighting Fixtures<br \/><strong>POWER<\/strong>: 45W;90W<\/p><p><strong>ATEX&amp;IECEX LABELLING\u00a0<\/strong><\/p><div>II 2 G Ex db eb IIC T5\/T4\/T3 Gb<br \/>II 2 D Ex tb IIIC T100\u00b0C\/T135\u00b0C\/T200\u00b0C Db<\/div><p><strong>ATEX CERTIFICATE: <\/strong>INERIS 01ATEX0019X\u00a0<br \/><strong>IECEX CERTIFICATE:<\/strong>\u00a0INE 15.0031X<\/p><p><strong>TECHNICAL FEATURES<\/strong><\/p><p><strong>INTENDED USE:<\/strong> Zone-1 \/ Zone-21 \/ Zone-2 \/ Zone-22<\/p><p><strong>AMBIENT TEMPERATURE RANGE:<\/strong>-60\u00b0C ; +60\u00b0C\u00a0\u00a0 \u00a0 \u00a0 \u00a0 \u00a0 \u00a0 \u00a0 \u00a0 \u00a0 \u00a0 \u00a0 \u00a0 \u00a0 \u00a0 \u00a0 \u00a0 \u00a0 \u00a0 \u00a0 \u00a0 \u00a0 \u00a0 \u00a0 \u00a0 \u00a0 \u00a0 \u00a0\u00a0<\/p>\t\t\t\t\t\t<\/div>\n\t\t\t\t<\/div>\n\t\t\t\t\t<\/div>\n\t\t<\/div>\n\t\t\t\t\t<\/div>\n\t\t<\/section>\n\t\t\t\t<section class=\"elementor-section elementor-top-section elementor-element elementor-element-c6eb326 elementor-section-content-middle elementor-section-full_width elementor-section-stretched elementor-section-height-default elementor-section-height-default\" data-id=\"c6eb326\" data-element_type=\"section\" data-settings=\"{&quot;stretch_section&quot;:&quot;section-stretched&quot;,&quot;_ha_eqh_enable&quot;:false}\">\n\t\t\t\t\t\t<div class=\"elementor-container elementor-column-gap-default\">\n\t\t\t\t\t<div class=\"elementor-column elementor-col-100 elementor-top-column elementor-element elementor-element-2867a45\" data-id=\"2867a45\" data-element_type=\"column\">\n\t\t\t<div class=\"elementor-widget-wrap elementor-element-populated\">\n\t\t\t\t\t\t<div class=\"elementor-element elementor-element-6957e58 elementor-widget elementor-widget-heading\" data-id=\"6957e58\" data-element_type=\"widget\" data-widget_type=\"heading.default\">\n\t\t\t\t<div class=\"elementor-widget-container\">\n\t\t\t<h1 class=\"elementor-heading-title elementor-size-large\">Certificates &amp; Catalogues<\/h1>\t\t<\/div>\n\t\t\t\t<\/div>\n\t\t\t\t\t<\/div>\n\t\t<\/div>\n\t\t\t\t\t<\/div>\n\t\t<\/section>\n\t\t\t\t<section class=\"elementor-section elementor-top-section elementor-element elementor-element-08fcef7 elementor-section-content-middle elementor-section-full_width elementor-section-stretched elementor-section-height-default elementor-section-height-default\" data-id=\"08fcef7\" data-element_type=\"section\" data-settings=\"{&quot;stretch_section&quot;:&quot;section-stretched&quot;,&quot;_ha_eqh_enable&quot;:false}\">\n\t\t\t\t\t\t<div class=\"elementor-container elementor-column-gap-default\">\n\t\t\t\t\t<div class=\"elementor-column elementor-col-50 elementor-top-column elementor-element elementor-element-a4e6a03\" data-id=\"a4e6a03\" data-element_type=\"column\">\n\t\t\t<div class=\"elementor-widget-wrap\">\n\t\t\t\t\t\t\t<\/div>\n\t\t<\/div>\n\t\t\t\t<div class=\"elementor-column elementor-col-50 elementor-top-column elementor-element elementor-element-8dc143a\" data-id=\"8dc143a\" data-element_type=\"column\">\n\t\t\t<div class=\"elementor-widget-wrap elementor-element-populated\">\n\t\t\t\t\t\t<div class=\"elementor-element elementor-element-ea0d1e5 elementor-widget elementor-widget-button\" data-id=\"ea0d1e5\" data-element_type=\"widget\" data-widget_type=\"button.default\">\n\t\t\t\t<div class=\"elementor-widget-container\">\n\t\t\t\t\t<div class=\"elementor-button-wrapper\">\n\t\t\t<a class=\"elementor-button elementor-button-link elementor-size-sm\" href=\"https:\/\/www.robustex.com.tr\/wp-content\/uploads\/2021\/09\/TECHNOR-EVDE-PR-LED-EN-1.pdf\" target=\"_blank\">\n\t\t\t\t\t\t<span class=\"elementor-button-content-wrapper\">\n\t\t\t\t\t\t<span class=\"elementor-button-icon elementor-align-icon-right\">\n\t\t\t\t<i aria-hidden=\"true\" class=\"fas fa-download\"><\/i>\t\t\t<\/span>\n\t\t\t\t\t\t<span class=\"elementor-button-text\">EVde PR Catalogue<\/span>\n\t\t<\/span>\n\t\t\t\t\t<\/a>\n\t\t<\/div>\n\t\t\t\t<\/div>\n\t\t\t\t<\/div>\n\t\t\t\t<div class=\"elementor-element elementor-element-3953c00 elementor-widget elementor-widget-button\" data-id=\"3953c00\" data-element_type=\"widget\" data-widget_type=\"button.default\">\n\t\t\t\t<div class=\"elementor-widget-container\">\n\t\t\t\t\t<div class=\"elementor-button-wrapper\">\n\t\t\t<a class=\"elementor-button elementor-button-link elementor-size-sm\" href=\"https:\/\/www.robustex.com.tr\/wp-content\/uploads\/2021\/09\/EV_EVde-Certificate-ATEX-1.pdf\" target=\"_blank\">\n\t\t\t\t\t\t<span class=\"elementor-button-content-wrapper\">\n\t\t\t\t\t\t<span class=\"elementor-button-icon elementor-align-icon-right\">\n\t\t\t\t<i aria-hidden=\"true\" class=\"fas fa-download\"><\/i>\t\t\t<\/span>\n\t\t\t\t\t\t<span class=\"elementor-button-text\">EVde PR LED ATEX CERTIFICATE<\/span>\n\t\t<\/span>\n\t\t\t\t\t<\/a>\n\t\t<\/div>\n\t\t\t\t<\/div>\n\t\t\t\t<\/div>\n\t\t\t\t<div class=\"elementor-element elementor-element-fa29081 elementor-widget elementor-widget-button\" data-id=\"fa29081\" data-element_type=\"widget\" data-widget_type=\"button.default\">\n\t\t\t\t<div class=\"elementor-widget-container\">\n\t\t\t\t\t<div class=\"elementor-button-wrapper\">\n\t\t\t<a class=\"elementor-button elementor-button-link elementor-size-sm\" href=\"https:\/\/www.robustex.com.tr\/wp-content\/uploads\/2021\/09\/IECEx-INE-15.0031X-02.pdf\" target=\"_blank\">\n\t\t\t\t\t\t<span class=\"elementor-button-content-wrapper\">\n\t\t\t\t\t\t<span class=\"elementor-button-icon elementor-align-icon-right\">\n\t\t\t\t<i aria-hidden=\"true\" class=\"fas fa-download\"><\/i>\t\t\t<\/span>\n\t\t\t\t\t\t<span class=\"elementor-button-text\">EVde PR LED IECEX CERTIFICATE<\/span>\n\t\t<\/span>\n\t\t\t\t\t<\/a>\n\t\t<\/div>\n\t\t\t\t<\/div>\n\t\t\t\t<\/div>\n\t\t\t\t\t<\/div>\n\t\t<\/div>\n\t\t\t\t\t<\/div>\n\t\t<\/section>\n\t\t\t\t<\/div>","protected":false},"excerpt":{"rendered":"<p>Evde PR Led Y\u00fcksek Tavan Armat\u00fcrleri EVde PR Led ZONE 1 \/ ZONE 2 MODEL: EVde PR LedMARKA: TECHNOR ITALSMEA\u00dcR\u00dcN: EXPROOF LED Y\u00fcksek Tavan Armat\u00fcr\u00fcG\u00dc\u00c7: 45W;90W ATEX&amp;IECEX \u0130\u015eARET\u0130\u00a0 II 2 G Ex db eb IIC T5\/T4\/T3 GbII 2 D Ex tb IIIC T100\u00b0C\/T135\u00b0C\/T200\u00b0C Db ATEX SERT\u0130F\u0130KASI: INERIS 01ATEX0019X\u00a0IECEX SERT\u0130F\u0130KASI:\u00a0INE 15.0031X TEKN\u0130K \u00d6ZELL\u0130KLER KULLANIM ALANLARI: Zone-1 [&hellip;]<\/p>","protected":false},"author":2,"featured_media":0,"parent":1397,"menu_order":4,"comment_status":"closed","ping_status":"closed","template":"elementor_header_footer","meta":{"footnotes":""},"yoast_head":"<!-- This site is optimized with the Yoast SEO plugin v16.9 - https:\/\/yoast.com\/wordpress\/plugins\/seo\/ -->\n<title>EVde-PR Led Wellglass Lighting Fixtures - Robustex<\/title>\n<meta name=\"robots\" content=\"index, follow, max-snippet:-1, max-image-preview:large, max-video-preview:-1\" \/>\n<link rel=\"canonical\" href=\"https:\/\/www.robustex.com.tr\/en\/urunler\/ex-proof-wellglass-floodlights\/evde-pr-led-wellglass\/\" \/>\n<meta property=\"og:locale\" content=\"en_US\" \/>\n<meta property=\"og:type\" content=\"article\" \/>\n<meta property=\"og:title\" content=\"EVde-PR Led Wellglass Lighting Fixtures - Robustex\" \/>\n<meta property=\"og:description\" content=\"Evde PR Led Y\u00fcksek Tavan Armat\u00fcrleri EVde PR Led ZONE 1 \/ ZONE 2 MODEL: EVde PR LedMARKA: TECHNOR ITALSMEA\u00dcR\u00dcN: EXPROOF LED Y\u00fcksek Tavan Armat\u00fcr\u00fcG\u00dc\u00c7: 45W;90W ATEX&amp;IECEX \u0130\u015eARET\u0130\u00a0 II 2 G Ex db eb IIC T5\/T4\/T3 GbII 2 D Ex tb IIIC T100\u00b0C\/T135\u00b0C\/T200\u00b0C Db ATEX SERT\u0130F\u0130KASI: INERIS 01ATEX0019X\u00a0IECEX SERT\u0130F\u0130KASI:\u00a0INE 15.0031X TEKN\u0130K \u00d6ZELL\u0130KLER KULLANIM ALANLARI: Zone-1 [&hellip;]\" \/>\n<meta property=\"og:url\" content=\"https:\/\/www.robustex.com.tr\/en\/urunler\/ex-proof-wellglass-floodlights\/evde-pr-led-wellglass\/\" \/>\n<meta property=\"og:site_name\" content=\"Robustex\" \/>\n<meta property=\"article:modified_time\" content=\"2021-09-14T10:09:08+00:00\" \/>\n<meta property=\"og:image\" content=\"https:\/\/www.karenelectrical.co.uk\/wp-content\/uploads\/2021\/08\/evde_led_series_1500x1560.png\" \/>\n<meta name=\"twitter:card\" content=\"summary_large_image\" \/>\n<meta name=\"twitter:label1\" content=\"Est. reading time\" \/>\n\t<meta name=\"twitter:data1\" content=\"1 minute\" \/>\n<script type=\"application\/ld+json\" class=\"yoast-schema-graph\">{\"@context\":\"https:\/\/schema.org\",\"@graph\":[{\"@type\":\"WebSite\",\"@id\":\"https:\/\/www.robustex.com.tr\/#website\",\"url\":\"https:\/\/www.robustex.com.tr\/\",\"name\":\"Robustex\",\"description\":\"\",\"potentialAction\":[{\"@type\":\"SearchAction\",\"target\":{\"@type\":\"EntryPoint\",\"urlTemplate\":\"https:\/\/www.robustex.com.tr\/?s={search_term_string}\"},\"query-input\":\"required name=search_term_string\"}],\"inLanguage\":\"en-US\"},{\"@type\":\"ImageObject\",\"@id\":\"https:\/\/www.robustex.com.tr\/urunler\/ex-proof-wellglass-floodlights\/evde-pr-led-wellglass\/#primaryimage\",\"inLanguage\":\"en-US\",\"url\":\"https:\/\/www.karenelectrical.co.uk\/wp-content\/uploads\/2021\/08\/evde_led_series_1500x1560.png\",\"contentUrl\":\"https:\/\/www.karenelectrical.co.uk\/wp-content\/uploads\/2021\/08\/evde_led_series_1500x1560.png\"},{\"@type\":\"WebPage\",\"@id\":\"https:\/\/www.robustex.com.tr\/urunler\/ex-proof-wellglass-floodlights\/evde-pr-led-wellglass\/#webpage\",\"url\":\"https:\/\/www.robustex.com.tr\/urunler\/ex-proof-wellglass-floodlights\/evde-pr-led-wellglass\/\",\"name\":\"EVde-PR Led Wellglass Lighting Fixtures - Robustex\",\"isPartOf\":{\"@id\":\"https:\/\/www.robustex.com.tr\/#website\"},\"primaryImageOfPage\":{\"@id\":\"https:\/\/www.robustex.com.tr\/urunler\/ex-proof-wellglass-floodlights\/evde-pr-led-wellglass\/#primaryimage\"},\"datePublished\":\"2021-08-13T20:50:05+00:00\",\"dateModified\":\"2021-09-14T10:09:08+00:00\",\"breadcrumb\":{\"@id\":\"https:\/\/www.robustex.com.tr\/urunler\/ex-proof-wellglass-floodlights\/evde-pr-led-wellglass\/#breadcrumb\"},\"inLanguage\":\"en-US\",\"potentialAction\":[{\"@type\":\"ReadAction\",\"target\":[\"https:\/\/www.robustex.com.tr\/urunler\/ex-proof-wellglass-floodlights\/evde-pr-led-wellglass\/\"]}]},{\"@type\":\"BreadcrumbList\",\"@id\":\"https:\/\/www.robustex.com.tr\/urunler\/ex-proof-wellglass-floodlights\/evde-pr-led-wellglass\/#breadcrumb\",\"itemListElement\":[{\"@type\":\"ListItem\",\"position\":1,\"name\":\"Anasayfa\",\"item\":\"https:\/\/www.robustex.com.tr\/\"},{\"@type\":\"ListItem\",\"position\":2,\"name\":\"\\u00dcr\\u00fcnler\",\"item\":\"https:\/\/www.robustex.com.tr\/urunler\/\"},{\"@type\":\"ListItem\",\"position\":3,\"name\":\"Ex-Proof Wellglass Lighting Fixtures &#038; Floodlights\",\"item\":\"https:\/\/www.robustex.com.tr\/urunler\/ex-proof-wellglass-floodlights\/\"},{\"@type\":\"ListItem\",\"position\":4,\"name\":\"EVde-PR Led Wellglass Lighting Fixtures\"}]}]}<\/script>\n<!-- \/ Yoast SEO plugin. -->","yoast_head_json":{"title":"EVde-PR Led Wellglass Lighting Fixtures - Robustex","robots":{"index":"index","follow":"follow","max-snippet":"max-snippet:-1","max-image-preview":"max-image-preview:large","max-video-preview":"max-video-preview:-1"},"canonical":"https:\/\/www.robustex.com.tr\/en\/urunler\/ex-proof-wellglass-floodlights\/evde-pr-led-wellglass\/","og_locale":"en_US","og_type":"article","og_title":"EVde-PR Led Wellglass Lighting Fixtures - Robustex","og_description":"Evde PR Led Y\u00fcksek Tavan Armat\u00fcrleri EVde PR Led ZONE 1 \/ ZONE 2 MODEL: EVde PR LedMARKA: TECHNOR ITALSMEA\u00dcR\u00dcN: EXPROOF LED Y\u00fcksek Tavan Armat\u00fcr\u00fcG\u00dc\u00c7: 45W;90W ATEX&amp;IECEX \u0130\u015eARET\u0130\u00a0 II 2 G Ex db eb IIC T5\/T4\/T3 GbII 2 D Ex tb IIIC T100\u00b0C\/T135\u00b0C\/T200\u00b0C Db ATEX SERT\u0130F\u0130KASI: INERIS 01ATEX0019X\u00a0IECEX SERT\u0130F\u0130KASI:\u00a0INE 15.0031X TEKN\u0130K \u00d6ZELL\u0130KLER KULLANIM ALANLARI: Zone-1 [&hellip;]","og_url":"https:\/\/www.robustex.com.tr\/en\/urunler\/ex-proof-wellglass-floodlights\/evde-pr-led-wellglass\/","og_site_name":"Robustex","article_modified_time":"2021-09-14T10:09:08+00:00","og_image":[{"url":"https:\/\/www.karenelectrical.co.uk\/wp-content\/uploads\/2021\/08\/evde_led_series_1500x1560.png"}],"twitter_card":"summary_large_image","twitter_misc":{"Est. reading time":"1 minute"},"schema":{"@context":"https:\/\/schema.org","@graph":[{"@type":"WebSite","@id":"https:\/\/www.robustex.com.tr\/#website","url":"https:\/\/www.robustex.com.tr\/","name":"Robustex","description":"","potentialAction":[{"@type":"SearchAction","target":{"@type":"EntryPoint","urlTemplate":"https:\/\/www.robustex.com.tr\/?s={search_term_string}"},"query-input":"required name=search_term_string"}],"inLanguage":"en-US"},{"@type":"ImageObject","@id":"https:\/\/www.robustex.com.tr\/urunler\/ex-proof-wellglass-floodlights\/evde-pr-led-wellglass\/#primaryimage","inLanguage":"en-US","url":"https:\/\/www.karenelectrical.co.uk\/wp-content\/uploads\/2021\/08\/evde_led_series_1500x1560.png","contentUrl":"https:\/\/www.karenelectrical.co.uk\/wp-content\/uploads\/2021\/08\/evde_led_series_1500x1560.png"},{"@type":"WebPage","@id":"https:\/\/www.robustex.com.tr\/urunler\/ex-proof-wellglass-floodlights\/evde-pr-led-wellglass\/#webpage","url":"https:\/\/www.robustex.com.tr\/urunler\/ex-proof-wellglass-floodlights\/evde-pr-led-wellglass\/","name":"EVde-PR Led Wellglass Lighting Fixtures - Robustex","isPartOf":{"@id":"https:\/\/www.robustex.com.tr\/#website"},"primaryImageOfPage":{"@id":"https:\/\/www.robustex.com.tr\/urunler\/ex-proof-wellglass-floodlights\/evde-pr-led-wellglass\/#primaryimage"},"datePublished":"2021-08-13T20:50:05+00:00","dateModified":"2021-09-14T10:09:08+00:00","breadcrumb":{"@id":"https:\/\/www.robustex.com.tr\/urunler\/ex-proof-wellglass-floodlights\/evde-pr-led-wellglass\/#breadcrumb"},"inLanguage":"en-US","potentialAction":[{"@type":"ReadAction","target":["https:\/\/www.robustex.com.tr\/urunler\/ex-proof-wellglass-floodlights\/evde-pr-led-wellglass\/"]}]},{"@type":"BreadcrumbList","@id":"https:\/\/www.robustex.com.tr\/urunler\/ex-proof-wellglass-floodlights\/evde-pr-led-wellglass\/#breadcrumb","itemListElement":[{"@type":"ListItem","position":1,"name":"Anasayfa","item":"https:\/\/www.robustex.com.tr\/"},{"@type":"ListItem","position":2,"name":"\u00dcr\u00fcnler","item":"https:\/\/www.robustex.com.tr\/urunler\/"},{"@type":"ListItem","position":3,"name":"Ex-Proof Wellglass Lighting Fixtures &#038; Floodlights","item":"https:\/\/www.robustex.com.tr\/urunler\/ex-proof-wellglass-floodlights\/"},{"@type":"ListItem","position":4,"name":"EVde-PR Led Wellglass Lighting Fixtures"}]}]}},"_links":{"self":[{"href":"https:\/\/www.robustex.com.tr\/en\/wp-json\/wp\/v2\/pages\/1579"}],"collection":[{"href":"https:\/\/www.robustex.com.tr\/en\/wp-json\/wp\/v2\/pages"}],"about":[{"href":"https:\/\/www.robustex.com.tr\/en\/wp-json\/wp\/v2\/types\/page"}],"author":[{"embeddable":true,"href":"https:\/\/www.robustex.com.tr\/en\/wp-json\/wp\/v2\/users\/2"}],"replies":[{"embeddable":true,"href":"https:\/\/www.robustex.com.tr\/en\/wp-json\/wp\/v2\/comments?post=1579"}],"version-history":[{"count":42,"href":"https:\/\/www.robustex.com.tr\/en\/wp-json\/wp\/v2\/pages\/1579\/revisions"}],"predecessor-version":[{"id":3809,"href":"https:\/\/www.robustex.com.tr\/en\/wp-json\/wp\/v2\/pages\/1579\/revisions\/3809"}],"up":[{"embeddable":true,"href":"https:\/\/www.robustex.com.tr\/en\/wp-json\/wp\/v2\/pages\/1397"}],"wp:attachment":[{"href":"https:\/\/www.robustex.com.tr\/en\/wp-json\/wp\/v2\/media?parent=1579"}],"curies":[{"name":"wp","href":"https:\/\/api.w.org\/{rel}","templated":true}]}}