{"id":1544,"date":"2021-08-13T20:35:03","date_gmt":"2021-08-13T20:35:03","guid":{"rendered":"https:\/\/www.karenelectrical.co.uk\/?page_id=1544"},"modified":"2021-09-14T10:08:15","modified_gmt":"2021-09-14T10:08:15","slug":"fl-led-floodlights","status":"publish","type":"page","link":"https:\/\/www.robustex.com.tr\/en\/urunler\/ex-proof-wellglass-floodlights\/fl-led-floodlights\/","title":{"rendered":"Fl-Led Floodlights"},"content":{"rendered":"<div data-elementor-type=\"wp-page\" data-elementor-id=\"1544\" class=\"elementor elementor-1544\">\n\t\t\t\t\t\t<section class=\"elementor-section elementor-top-section elementor-element elementor-element-6304b5d elementor-section-full_width elementor-section-stretched elementor-hidden-desktop elementor-hidden-tablet elementor-section-height-default elementor-section-height-default\" data-id=\"6304b5d\" data-element_type=\"section\" data-settings=\"{&quot;stretch_section&quot;:&quot;section-stretched&quot;,&quot;background_background&quot;:&quot;classic&quot;,&quot;_ha_eqh_enable&quot;:false}\">\n\t\t\t\t\t\t<div class=\"elementor-container elementor-column-gap-default\">\n\t\t\t\t\t<div class=\"elementor-column elementor-col-100 elementor-top-column elementor-element elementor-element-600f814\" data-id=\"600f814\" data-element_type=\"column\">\n\t\t\t<div class=\"elementor-widget-wrap elementor-element-populated\">\n\t\t\t\t\t\t<div class=\"elementor-element elementor-element-650e7ac elementor-widget elementor-widget-text-editor\" data-id=\"650e7ac\" data-element_type=\"widget\" data-widget_type=\"text-editor.default\">\n\t\t\t\t<div class=\"elementor-widget-container\">\n\t\t\t\t\t\t\t<div class=\"trp_language_switcher_shortcode\">\n<div class=\"trp-language-switcher trp-language-switcher-container\" data-no-translation>\n    <div class=\"trp-ls-shortcode-current-language\">\n        <a href=\"#\" class=\"trp-ls-shortcode-disabled-language trp-ls-disabled-language\" title=\"English\" onclick=\"event.preventDefault()\">\n\t\t\t<img decoding=\"async\" class=\"trp-flag-image\" src=\"https:\/\/www.robustex.com.tr\/wp-content\/plugins\/translatepress-multilingual\/assets\/images\/flags\/en_US.png\" width=\"18\" height=\"12\" alt=\"en_US\" title=\"English\"> EN\t\t<\/a>\n    <\/div>\n    <div class=\"trp-ls-shortcode-language\">\n                <a href=\"#\" class=\"trp-ls-shortcode-disabled-language trp-ls-disabled-language\"  title=\"English\" onclick=\"event.preventDefault()\">\n\t\t\t<img decoding=\"async\" class=\"trp-flag-image\" src=\"https:\/\/www.robustex.com.tr\/wp-content\/plugins\/translatepress-multilingual\/assets\/images\/flags\/en_US.png\" width=\"18\" height=\"12\" alt=\"en_US\" title=\"English\"> EN\t\t<\/a>\n                    <a href=\"https:\/\/www.robustex.com.tr\/wp-json\/wp\/v2\/pages\/1544\/\" title=\"Turkish\">\n            <img decoding=\"async\" class=\"trp-flag-image\" src=\"https:\/\/www.robustex.com.tr\/wp-content\/plugins\/translatepress-multilingual\/assets\/images\/flags\/tr_TR.png\" width=\"18\" height=\"12\" alt=\"tr_TR\" title=\"Turkish\"> TR        <\/a>\n\n        <\/div>\n    <script type=\"application\/javascript\">\n        \/\/ need to have the same with set from JS on both divs. Otherwise it can push stuff around in HTML\n        var trp_ls_shortcodes = document.querySelectorAll('.trp_language_switcher_shortcode .trp-language-switcher');\n        if ( trp_ls_shortcodes.length > 0) {\n            \/\/ get the last language switcher added\n            var trp_el = trp_ls_shortcodes[trp_ls_shortcodes.length - 1];\n\n            var trp_shortcode_language_item = trp_el.querySelector( '.trp-ls-shortcode-language' )\n            \/\/ set width\n            var trp_ls_shortcode_width                                               = trp_shortcode_language_item.offsetWidth + 16;\n            trp_shortcode_language_item.style.width                                  = trp_ls_shortcode_width + 'px';\n            trp_el.querySelector( '.trp-ls-shortcode-current-language' ).style.width = trp_ls_shortcode_width + 'px';\n\n            \/\/ We're putting this on display: none after we have its width.\n            trp_shortcode_language_item.style.display = 'none';\n        }\n    <\/script>\n<\/div>\n<\/div>\t\t\t\t\t\t<\/div>\n\t\t\t\t<\/div>\n\t\t\t\t\t<\/div>\n\t\t<\/div>\n\t\t\t\t\t<\/div>\n\t\t<\/section>\n\t\t\t\t<section class=\"elementor-section elementor-top-section elementor-element elementor-element-603e5d9e elementor-section-full_width elementor-section-stretched elementor-section-height-default elementor-section-height-default\" data-id=\"603e5d9e\" data-element_type=\"section\" data-settings=\"{&quot;background_background&quot;:&quot;classic&quot;,&quot;stretch_section&quot;:&quot;section-stretched&quot;,&quot;_ha_eqh_enable&quot;:false}\">\n\t\t\t\t\t\t\t<div class=\"elementor-background-overlay\"><\/div>\n\t\t\t\t\t\t\t<div class=\"elementor-container elementor-column-gap-default\">\n\t\t\t\t\t<div class=\"elementor-column elementor-col-50 elementor-top-column elementor-element elementor-element-23102ee6\" data-id=\"23102ee6\" data-element_type=\"column\">\n\t\t\t<div class=\"elementor-widget-wrap elementor-element-populated\">\n\t\t\t\t\t\t<div class=\"elementor-element elementor-element-66056c2 premium-title-color elementor-widget elementor-widget-premium-addon-title\" data-id=\"66056c2\" data-element_type=\"widget\" data-widget_type=\"premium-addon-title.default\">\n\t\t\t\t<div class=\"elementor-widget-container\">\n\t\t\t\r\n\t\t<div class=\"premium-title-container style1\">\r\n\t\t\t<h2 class=\"premium-title-header premium-title-style1\">\r\n\t\t\t\t\r\n\t\t\t\t\r\n\t\t\t\t\t\t\t\t\t\t\t\t<span class=\"premium-title-text\" >\r\n\t\t\t\t\tFL-Led Floodlights\t\t\t\t<\/span>\r\n\t\t\t\t\t\r\n\t\t\t\t\t\t\t\t\t\t\t<\/h2>\r\n\t\t<\/div>\r\n\r\n\t\t\t\t<\/div>\n\t\t\t\t<\/div>\n\t\t\t\t\t<\/div>\n\t\t<\/div>\n\t\t\t\t<div class=\"elementor-column elementor-col-50 elementor-top-column elementor-element elementor-element-f082005\" data-id=\"f082005\" data-element_type=\"column\">\n\t\t\t<div class=\"elementor-widget-wrap\">\n\t\t\t\t\t\t\t<\/div>\n\t\t<\/div>\n\t\t\t\t\t<\/div>\n\t\t<\/section>\n\t\t\t\t<section class=\"elementor-section elementor-top-section elementor-element elementor-element-26cc40f5 elementor-section-content-middle elementor-section-full_width elementor-section-stretched elementor-section-height-default elementor-section-height-default\" data-id=\"26cc40f5\" data-element_type=\"section\" data-settings=\"{&quot;stretch_section&quot;:&quot;section-stretched&quot;,&quot;_ha_eqh_enable&quot;:false}\">\n\t\t\t\t\t\t<div class=\"elementor-container elementor-column-gap-default\">\n\t\t\t\t\t<div class=\"elementor-column elementor-col-50 elementor-top-column elementor-element elementor-element-eefa044\" data-id=\"eefa044\" data-element_type=\"column\">\n\t\t\t<div class=\"elementor-widget-wrap elementor-element-populated\">\n\t\t\t\t\t\t<div class=\"elementor-element elementor-element-7d849b41 elementor-widget elementor-widget-heading\" data-id=\"7d849b41\" data-element_type=\"widget\" data-widget_type=\"heading.default\">\n\t\t\t\t<div class=\"elementor-widget-container\">\n\t\t\t<h2 class=\"elementor-heading-title elementor-size-default\">FL- LED<\/h2>\t\t<\/div>\n\t\t\t\t<\/div>\n\t\t\t\t<div class=\"elementor-element elementor-element-597a7699 ha-css-transform-yes elementor-hidden-tablet elementor-hidden-phone elementor-widget elementor-widget-heading\" data-id=\"597a7699\" data-element_type=\"widget\" data-widget_type=\"heading.default\">\n\t\t\t\t<div class=\"elementor-widget-container\">\n\t\t\t<span class=\"elementor-heading-title elementor-size-large\">ZONE 1 \/ ZONE 2<\/span>\t\t<\/div>\n\t\t\t\t<\/div>\n\t\t\t\t\t<\/div>\n\t\t<\/div>\n\t\t\t\t<div class=\"elementor-column elementor-col-50 elementor-top-column elementor-element elementor-element-c6de065\" data-id=\"c6de065\" data-element_type=\"column\">\n\t\t\t<div class=\"elementor-widget-wrap elementor-element-populated\">\n\t\t\t\t\t\t<div class=\"elementor-element elementor-element-2654cef elementor-widget elementor-widget-image\" data-id=\"2654cef\" data-element_type=\"widget\" data-widget_type=\"image.default\">\n\t\t\t\t<div class=\"elementor-widget-container\">\n\t\t\t\t\t\t\t\t\t\t\t\t\t<img decoding=\"async\" src=\"https:\/\/www.karenelectrical.co.uk\/wp-content\/uploads\/2021\/08\/FL-LED-RESIM.jpeg\" title=\"\" alt=\"\" loading=\"lazy\" \/>\t\t\t\t\t\t\t\t\t\t\t\t\t<\/div>\n\t\t\t\t<\/div>\n\t\t\t\t<div class=\"elementor-element elementor-element-2ce94746 elementor-widget elementor-widget-text-editor\" data-id=\"2ce94746\" data-element_type=\"widget\" data-widget_type=\"text-editor.default\">\n\t\t\t\t<div class=\"elementor-widget-container\">\n\t\t\t\t\t\t\t<p><strong>MODEL<\/strong>: FL LED<br \/><strong>BRAND<\/strong>: TECHNOR ITALSMEA<br \/><strong>PRODUCT<\/strong>: EXPROOF LED FLOODLIGHTS (NORMAL &amp; EMERGENCY TYPE)<br \/><strong>POWER<\/strong>: 60W ; 95W Normal &amp; Emergency Kit Version<\/p><p><strong>ATEX&amp;IECEX MARKING<\/strong><\/p><div><strong>Standard:<\/strong><\/div><div>II 2 GD<\/div><div>Ex d IIB+H2 T6 Gb<\/div><div>Ex tb IIIC T85\u00b0C Db IP66<\/div><div><strong>Battery pack:<\/strong><\/div><div>II 2 GD<\/div><div>Ex d IIC T6 Gb<\/div><div>Ex tb IIIC T85\u00b0C Db IP66<\/div><p><strong>ATEX CERTIFICATE:<\/strong>INERIS 00ATEX0023X (standard) \u00a0INERIS 01ATEX0059 (acil durum kitli)<br \/><strong>IECEX CERTIFICATE:<\/strong>INE 16.0038X<\/p><p><strong>TECHNICAL FEATURES<\/strong><\/p><p><strong>INTENDED USE :<\/strong> Zone-1 \/ Zone-21 \/ Zone-2 \/ Zone-22<\/p><p><strong>AMBIENT TEMPERATURE RANGE :<\/strong>-50\u00b0C to +55\u00b0C (ATEX)<br \/>\u00a0 \u00a0 \u00a0 \u00a0 \u00a0 \u00a0 \u00a0 \u00a0 \u00a0 \u00a0 \u00a0 \u00a0 \u00a0 \u00a0 \u00a0 \u00a0 \u00a0 \u00a0 \u00a0 \u00a0 \u00a0 \u00a0 \u00a0 \u00a0 \u00a0 \u00a0 \u00a0 \u00a0-20\u00b0C to +60\u00b0C (IECEx - EAC)<\/p>\t\t\t\t\t\t<\/div>\n\t\t\t\t<\/div>\n\t\t\t\t\t<\/div>\n\t\t<\/div>\n\t\t\t\t\t<\/div>\n\t\t<\/section>\n\t\t\t\t<section class=\"elementor-section elementor-top-section elementor-element elementor-element-c6eb326 elementor-section-content-middle elementor-section-full_width elementor-section-stretched elementor-section-height-default elementor-section-height-default\" data-id=\"c6eb326\" data-element_type=\"section\" data-settings=\"{&quot;stretch_section&quot;:&quot;section-stretched&quot;,&quot;_ha_eqh_enable&quot;:false}\">\n\t\t\t\t\t\t<div class=\"elementor-container elementor-column-gap-default\">\n\t\t\t\t\t<div class=\"elementor-column elementor-col-100 elementor-top-column elementor-element elementor-element-2867a45\" data-id=\"2867a45\" data-element_type=\"column\">\n\t\t\t<div class=\"elementor-widget-wrap elementor-element-populated\">\n\t\t\t\t\t\t<div class=\"elementor-element elementor-element-6957e58 elementor-widget elementor-widget-heading\" data-id=\"6957e58\" data-element_type=\"widget\" data-widget_type=\"heading.default\">\n\t\t\t\t<div class=\"elementor-widget-container\">\n\t\t\t<h1 class=\"elementor-heading-title elementor-size-large\">Certificates &amp; Catalogues<\/h1>\t\t<\/div>\n\t\t\t\t<\/div>\n\t\t\t\t\t<\/div>\n\t\t<\/div>\n\t\t\t\t\t<\/div>\n\t\t<\/section>\n\t\t\t\t<section class=\"elementor-section elementor-top-section elementor-element elementor-element-08fcef7 elementor-section-content-middle elementor-section-full_width elementor-section-stretched elementor-section-height-default elementor-section-height-default\" data-id=\"08fcef7\" data-element_type=\"section\" data-settings=\"{&quot;stretch_section&quot;:&quot;section-stretched&quot;,&quot;_ha_eqh_enable&quot;:false}\">\n\t\t\t\t\t\t<div class=\"elementor-container elementor-column-gap-default\">\n\t\t\t\t\t<div class=\"elementor-column elementor-col-50 elementor-top-column elementor-element elementor-element-a4e6a03\" data-id=\"a4e6a03\" data-element_type=\"column\">\n\t\t\t<div class=\"elementor-widget-wrap\">\n\t\t\t\t\t\t\t<\/div>\n\t\t<\/div>\n\t\t\t\t<div class=\"elementor-column elementor-col-50 elementor-top-column elementor-element elementor-element-8dc143a\" data-id=\"8dc143a\" data-element_type=\"column\">\n\t\t\t<div class=\"elementor-widget-wrap elementor-element-populated\">\n\t\t\t\t\t\t<div class=\"elementor-element elementor-element-ea0d1e5 elementor-widget elementor-widget-button\" data-id=\"ea0d1e5\" data-element_type=\"widget\" data-widget_type=\"button.default\">\n\t\t\t\t<div class=\"elementor-widget-container\">\n\t\t\t\t\t<div class=\"elementor-button-wrapper\">\n\t\t\t<a class=\"elementor-button elementor-button-link elementor-size-sm\" href=\"https:\/\/www.robustex.com.tr\/wp-content\/uploads\/2021\/09\/TECHNOR-FL-LED-EN-1.pdf\" target=\"_blank\">\n\t\t\t\t\t\t<span class=\"elementor-button-content-wrapper\">\n\t\t\t\t\t\t<span class=\"elementor-button-icon elementor-align-icon-right\">\n\t\t\t\t<i aria-hidden=\"true\" class=\"fas fa-download\"><\/i>\t\t\t<\/span>\n\t\t\t\t\t\t<span class=\"elementor-button-text\">FL LED CATALOGUE<\/span>\n\t\t<\/span>\n\t\t\t\t\t<\/a>\n\t\t<\/div>\n\t\t\t\t<\/div>\n\t\t\t\t<\/div>\n\t\t\t\t<div class=\"elementor-element elementor-element-3953c00 elementor-widget elementor-widget-button\" data-id=\"3953c00\" data-element_type=\"widget\" data-widget_type=\"button.default\">\n\t\t\t\t<div class=\"elementor-widget-container\">\n\t\t\t\t\t<div class=\"elementor-button-wrapper\">\n\t\t\t<a class=\"elementor-button elementor-button-link elementor-size-sm\" href=\"https:\/\/www.robustex.com.tr\/wp-content\/uploads\/2021\/09\/FL-Certificate-ATEX-1.pdf\" target=\"_blank\">\n\t\t\t\t\t\t<span class=\"elementor-button-content-wrapper\">\n\t\t\t\t\t\t<span class=\"elementor-button-icon elementor-align-icon-right\">\n\t\t\t\t<i aria-hidden=\"true\" class=\"fas fa-download\"><\/i>\t\t\t<\/span>\n\t\t\t\t\t\t<span class=\"elementor-button-text\">FL LED ATEX CERTIFICATE<\/span>\n\t\t<\/span>\n\t\t\t\t\t<\/a>\n\t\t<\/div>\n\t\t\t\t<\/div>\n\t\t\t\t<\/div>\n\t\t\t\t<div class=\"elementor-element elementor-element-fa29081 elementor-widget elementor-widget-button\" data-id=\"fa29081\" data-element_type=\"widget\" data-widget_type=\"button.default\">\n\t\t\t\t<div class=\"elementor-widget-container\">\n\t\t\t\t\t<div class=\"elementor-button-wrapper\">\n\t\t\t<a class=\"elementor-button elementor-button-link elementor-size-sm\" href=\"https:\/\/www.robustex.com.tr\/wp-content\/uploads\/2021\/09\/FL-Certificate-IECEx.pdf\" target=\"_blank\">\n\t\t\t\t\t\t<span class=\"elementor-button-content-wrapper\">\n\t\t\t\t\t\t<span class=\"elementor-button-icon elementor-align-icon-right\">\n\t\t\t\t<i aria-hidden=\"true\" class=\"fas fa-download\"><\/i>\t\t\t<\/span>\n\t\t\t\t\t\t<span class=\"elementor-button-text\">FL LED IECEX CERTIFICATE<\/span>\n\t\t<\/span>\n\t\t\t\t\t<\/a>\n\t\t<\/div>\n\t\t\t\t<\/div>\n\t\t\t\t<\/div>\n\t\t\t\t\t<\/div>\n\t\t<\/div>\n\t\t\t\t\t<\/div>\n\t\t<\/section>\n\t\t\t\t<\/div>","protected":false},"excerpt":{"rendered":"<p>Fl-Led Projekt\u00f6rler FL- LED ZONE 1 \/ ZONE 2 MODEL: FL LEDMARKA: TECHNOR ITALSMEA\u00dcR\u00dcN: EXPROOF LED PROJEKT\u00d6R (NORMAL &amp; AC\u0130L DURUM K\u0130TL\u0130)G\u00dc\u00c7: 60W ; 95W\u00a0 Normal ve Acil Durum Kitli Versiyon ATEX&amp;IECEX \u0130\u015eARETLEMES\u0130 Normal \u00dcr\u00fcn:II 2 GDEx d IIB+H2 T6 GbEx tb IIIC T85\u00b0C Db IP66Acil Kitli \u00dcr\u00fcn:II 2 GDEx d IIC T6 GbEx tb [&hellip;]<\/p>","protected":false},"author":2,"featured_media":0,"parent":1397,"menu_order":1,"comment_status":"closed","ping_status":"closed","template":"elementor_header_footer","meta":{"footnotes":""},"yoast_head":"<!-- This site is optimized with the Yoast SEO plugin v16.9 - https:\/\/yoast.com\/wordpress\/plugins\/seo\/ -->\n<title>Fl-Led Floodlights - Robustex<\/title>\n<meta name=\"robots\" content=\"index, follow, max-snippet:-1, max-image-preview:large, max-video-preview:-1\" \/>\n<link rel=\"canonical\" href=\"https:\/\/www.robustex.com.tr\/en\/urunler\/ex-proof-wellglass-floodlights\/fl-led-floodlights\/\" \/>\n<meta property=\"og:locale\" content=\"en_US\" \/>\n<meta property=\"og:type\" content=\"article\" \/>\n<meta property=\"og:title\" content=\"Fl-Led Floodlights - Robustex\" \/>\n<meta property=\"og:description\" content=\"Fl-Led Projekt\u00f6rler FL- LED ZONE 1 \/ ZONE 2 MODEL: FL LEDMARKA: TECHNOR ITALSMEA\u00dcR\u00dcN: EXPROOF LED PROJEKT\u00d6R (NORMAL &amp; AC\u0130L DURUM K\u0130TL\u0130)G\u00dc\u00c7: 60W ; 95W\u00a0 Normal ve Acil Durum Kitli Versiyon ATEX&amp;IECEX \u0130\u015eARETLEMES\u0130 Normal \u00dcr\u00fcn:II 2 GDEx d IIB+H2 T6 GbEx tb IIIC T85\u00b0C Db IP66Acil Kitli \u00dcr\u00fcn:II 2 GDEx d IIC T6 GbEx tb [&hellip;]\" \/>\n<meta property=\"og:url\" content=\"https:\/\/www.robustex.com.tr\/en\/urunler\/ex-proof-wellglass-floodlights\/fl-led-floodlights\/\" \/>\n<meta property=\"og:site_name\" content=\"Robustex\" \/>\n<meta property=\"article:modified_time\" content=\"2021-09-14T10:08:15+00:00\" \/>\n<meta property=\"og:image\" content=\"https:\/\/www.karenelectrical.co.uk\/wp-content\/uploads\/2021\/08\/FL-LED-RESIM.jpeg\" \/>\n<meta name=\"twitter:card\" content=\"summary_large_image\" \/>\n<meta name=\"twitter:label1\" content=\"Est. reading time\" \/>\n\t<meta name=\"twitter:data1\" content=\"1 minute\" \/>\n<script type=\"application\/ld+json\" class=\"yoast-schema-graph\">{\"@context\":\"https:\/\/schema.org\",\"@graph\":[{\"@type\":\"WebSite\",\"@id\":\"https:\/\/www.robustex.com.tr\/#website\",\"url\":\"https:\/\/www.robustex.com.tr\/\",\"name\":\"Robustex\",\"description\":\"\",\"potentialAction\":[{\"@type\":\"SearchAction\",\"target\":{\"@type\":\"EntryPoint\",\"urlTemplate\":\"https:\/\/www.robustex.com.tr\/?s={search_term_string}\"},\"query-input\":\"required name=search_term_string\"}],\"inLanguage\":\"en-US\"},{\"@type\":\"ImageObject\",\"@id\":\"https:\/\/www.robustex.com.tr\/urunler\/ex-proof-wellglass-floodlights\/fl-led-floodlights\/#primaryimage\",\"inLanguage\":\"en-US\",\"url\":\"https:\/\/www.karenelectrical.co.uk\/wp-content\/uploads\/2021\/08\/FL-LED-RESIM.jpeg\",\"contentUrl\":\"https:\/\/www.karenelectrical.co.uk\/wp-content\/uploads\/2021\/08\/FL-LED-RESIM.jpeg\"},{\"@type\":\"WebPage\",\"@id\":\"https:\/\/www.robustex.com.tr\/urunler\/ex-proof-wellglass-floodlights\/fl-led-floodlights\/#webpage\",\"url\":\"https:\/\/www.robustex.com.tr\/urunler\/ex-proof-wellglass-floodlights\/fl-led-floodlights\/\",\"name\":\"Fl-Led Floodlights - Robustex\",\"isPartOf\":{\"@id\":\"https:\/\/www.robustex.com.tr\/#website\"},\"primaryImageOfPage\":{\"@id\":\"https:\/\/www.robustex.com.tr\/urunler\/ex-proof-wellglass-floodlights\/fl-led-floodlights\/#primaryimage\"},\"datePublished\":\"2021-08-13T20:35:03+00:00\",\"dateModified\":\"2021-09-14T10:08:15+00:00\",\"breadcrumb\":{\"@id\":\"https:\/\/www.robustex.com.tr\/urunler\/ex-proof-wellglass-floodlights\/fl-led-floodlights\/#breadcrumb\"},\"inLanguage\":\"en-US\",\"potentialAction\":[{\"@type\":\"ReadAction\",\"target\":[\"https:\/\/www.robustex.com.tr\/urunler\/ex-proof-wellglass-floodlights\/fl-led-floodlights\/\"]}]},{\"@type\":\"BreadcrumbList\",\"@id\":\"https:\/\/www.robustex.com.tr\/urunler\/ex-proof-wellglass-floodlights\/fl-led-floodlights\/#breadcrumb\",\"itemListElement\":[{\"@type\":\"ListItem\",\"position\":1,\"name\":\"Anasayfa\",\"item\":\"https:\/\/www.robustex.com.tr\/\"},{\"@type\":\"ListItem\",\"position\":2,\"name\":\"\\u00dcr\\u00fcnler\",\"item\":\"https:\/\/www.robustex.com.tr\/urunler\/\"},{\"@type\":\"ListItem\",\"position\":3,\"name\":\"Ex-Proof Wellglass Lighting Fixtures &#038; Floodlights\",\"item\":\"https:\/\/www.robustex.com.tr\/urunler\/ex-proof-wellglass-floodlights\/\"},{\"@type\":\"ListItem\",\"position\":4,\"name\":\"Fl-Led Floodlights\"}]}]}<\/script>\n<!-- \/ Yoast SEO plugin. -->","yoast_head_json":{"title":"Fl-Led Floodlights - Robustex","robots":{"index":"index","follow":"follow","max-snippet":"max-snippet:-1","max-image-preview":"max-image-preview:large","max-video-preview":"max-video-preview:-1"},"canonical":"https:\/\/www.robustex.com.tr\/en\/urunler\/ex-proof-wellglass-floodlights\/fl-led-floodlights\/","og_locale":"en_US","og_type":"article","og_title":"Fl-Led Floodlights - Robustex","og_description":"Fl-Led Projekt\u00f6rler FL- LED ZONE 1 \/ ZONE 2 MODEL: FL LEDMARKA: TECHNOR ITALSMEA\u00dcR\u00dcN: EXPROOF LED PROJEKT\u00d6R (NORMAL &amp; AC\u0130L DURUM K\u0130TL\u0130)G\u00dc\u00c7: 60W ; 95W\u00a0 Normal ve Acil Durum Kitli Versiyon ATEX&amp;IECEX \u0130\u015eARETLEMES\u0130 Normal \u00dcr\u00fcn:II 2 GDEx d IIB+H2 T6 GbEx tb IIIC T85\u00b0C Db IP66Acil Kitli \u00dcr\u00fcn:II 2 GDEx d IIC T6 GbEx tb [&hellip;]","og_url":"https:\/\/www.robustex.com.tr\/en\/urunler\/ex-proof-wellglass-floodlights\/fl-led-floodlights\/","og_site_name":"Robustex","article_modified_time":"2021-09-14T10:08:15+00:00","og_image":[{"url":"https:\/\/www.karenelectrical.co.uk\/wp-content\/uploads\/2021\/08\/FL-LED-RESIM.jpeg"}],"twitter_card":"summary_large_image","twitter_misc":{"Est. reading time":"1 minute"},"schema":{"@context":"https:\/\/schema.org","@graph":[{"@type":"WebSite","@id":"https:\/\/www.robustex.com.tr\/#website","url":"https:\/\/www.robustex.com.tr\/","name":"Robustex","description":"","potentialAction":[{"@type":"SearchAction","target":{"@type":"EntryPoint","urlTemplate":"https:\/\/www.robustex.com.tr\/?s={search_term_string}"},"query-input":"required name=search_term_string"}],"inLanguage":"en-US"},{"@type":"ImageObject","@id":"https:\/\/www.robustex.com.tr\/urunler\/ex-proof-wellglass-floodlights\/fl-led-floodlights\/#primaryimage","inLanguage":"en-US","url":"https:\/\/www.karenelectrical.co.uk\/wp-content\/uploads\/2021\/08\/FL-LED-RESIM.jpeg","contentUrl":"https:\/\/www.karenelectrical.co.uk\/wp-content\/uploads\/2021\/08\/FL-LED-RESIM.jpeg"},{"@type":"WebPage","@id":"https:\/\/www.robustex.com.tr\/urunler\/ex-proof-wellglass-floodlights\/fl-led-floodlights\/#webpage","url":"https:\/\/www.robustex.com.tr\/urunler\/ex-proof-wellglass-floodlights\/fl-led-floodlights\/","name":"Fl-Led Floodlights - Robustex","isPartOf":{"@id":"https:\/\/www.robustex.com.tr\/#website"},"primaryImageOfPage":{"@id":"https:\/\/www.robustex.com.tr\/urunler\/ex-proof-wellglass-floodlights\/fl-led-floodlights\/#primaryimage"},"datePublished":"2021-08-13T20:35:03+00:00","dateModified":"2021-09-14T10:08:15+00:00","breadcrumb":{"@id":"https:\/\/www.robustex.com.tr\/urunler\/ex-proof-wellglass-floodlights\/fl-led-floodlights\/#breadcrumb"},"inLanguage":"en-US","potentialAction":[{"@type":"ReadAction","target":["https:\/\/www.robustex.com.tr\/urunler\/ex-proof-wellglass-floodlights\/fl-led-floodlights\/"]}]},{"@type":"BreadcrumbList","@id":"https:\/\/www.robustex.com.tr\/urunler\/ex-proof-wellglass-floodlights\/fl-led-floodlights\/#breadcrumb","itemListElement":[{"@type":"ListItem","position":1,"name":"Anasayfa","item":"https:\/\/www.robustex.com.tr\/"},{"@type":"ListItem","position":2,"name":"\u00dcr\u00fcnler","item":"https:\/\/www.robustex.com.tr\/urunler\/"},{"@type":"ListItem","position":3,"name":"Ex-Proof Wellglass Lighting Fixtures &#038; Floodlights","item":"https:\/\/www.robustex.com.tr\/urunler\/ex-proof-wellglass-floodlights\/"},{"@type":"ListItem","position":4,"name":"Fl-Led Floodlights"}]}]}},"_links":{"self":[{"href":"https:\/\/www.robustex.com.tr\/en\/wp-json\/wp\/v2\/pages\/1544"}],"collection":[{"href":"https:\/\/www.robustex.com.tr\/en\/wp-json\/wp\/v2\/pages"}],"about":[{"href":"https:\/\/www.robustex.com.tr\/en\/wp-json\/wp\/v2\/types\/page"}],"author":[{"embeddable":true,"href":"https:\/\/www.robustex.com.tr\/en\/wp-json\/wp\/v2\/users\/2"}],"replies":[{"embeddable":true,"href":"https:\/\/www.robustex.com.tr\/en\/wp-json\/wp\/v2\/comments?post=1544"}],"version-history":[{"count":30,"href":"https:\/\/www.robustex.com.tr\/en\/wp-json\/wp\/v2\/pages\/1544\/revisions"}],"predecessor-version":[{"id":3794,"href":"https:\/\/www.robustex.com.tr\/en\/wp-json\/wp\/v2\/pages\/1544\/revisions\/3794"}],"up":[{"embeddable":true,"href":"https:\/\/www.robustex.com.tr\/en\/wp-json\/wp\/v2\/pages\/1397"}],"wp:attachment":[{"href":"https:\/\/www.robustex.com.tr\/en\/wp-json\/wp\/v2\/media?parent=1544"}],"curies":[{"name":"wp","href":"https:\/\/api.w.org\/{rel}","templated":true}]}}