{"id":1042,"date":"2021-08-11T05:52:22","date_gmt":"2021-08-11T05:52:22","guid":{"rendered":"https:\/\/www.karenelectrical.co.uk\/?page_id=1042"},"modified":"2021-09-14T10:19:04","modified_gmt":"2021-09-14T10:19:04","slug":"rb-led-linear-led-aydinlatma","status":"publish","type":"page","link":"https:\/\/www.robustex.com.tr\/en\/urunler\/rb-led-ex-proof-linear-lighting-fixture\/rb-led-linear-led-aydinlatma\/","title":{"rendered":"RB Led Linear Led Lighting Fixtures"},"content":{"rendered":"<div data-elementor-type=\"wp-page\" data-elementor-id=\"1042\" class=\"elementor elementor-1042\">\n\t\t\t\t\t\t<section class=\"elementor-section elementor-top-section elementor-element elementor-element-6932d40 elementor-section-full_width elementor-section-stretched elementor-hidden-desktop elementor-hidden-tablet elementor-section-height-default elementor-section-height-default\" data-id=\"6932d40\" data-element_type=\"section\" data-settings=\"{&quot;stretch_section&quot;:&quot;section-stretched&quot;,&quot;background_background&quot;:&quot;classic&quot;,&quot;_ha_eqh_enable&quot;:false}\">\n\t\t\t\t\t\t<div class=\"elementor-container elementor-column-gap-default\">\n\t\t\t\t\t<div class=\"elementor-column elementor-col-100 elementor-top-column elementor-element elementor-element-f30ee94\" data-id=\"f30ee94\" data-element_type=\"column\">\n\t\t\t<div class=\"elementor-widget-wrap elementor-element-populated\">\n\t\t\t\t\t\t<div class=\"elementor-element elementor-element-2655477 elementor-widget elementor-widget-text-editor\" data-id=\"2655477\" data-element_type=\"widget\" data-widget_type=\"text-editor.default\">\n\t\t\t\t<div class=\"elementor-widget-container\">\n\t\t\t\t\t\t\t<div class=\"trp_language_switcher_shortcode\">\n<div class=\"trp-language-switcher trp-language-switcher-container\" data-no-translation>\n    <div class=\"trp-ls-shortcode-current-language\">\n        <a href=\"#\" class=\"trp-ls-shortcode-disabled-language trp-ls-disabled-language\" title=\"English\" onclick=\"event.preventDefault()\">\n\t\t\t<img decoding=\"async\" class=\"trp-flag-image\" src=\"https:\/\/www.robustex.com.tr\/wp-content\/plugins\/translatepress-multilingual\/assets\/images\/flags\/en_US.png\" width=\"18\" height=\"12\" alt=\"en_US\" title=\"English\"> EN\t\t<\/a>\n    <\/div>\n    <div class=\"trp-ls-shortcode-language\">\n                <a href=\"#\" class=\"trp-ls-shortcode-disabled-language trp-ls-disabled-language\"  title=\"English\" onclick=\"event.preventDefault()\">\n\t\t\t<img decoding=\"async\" class=\"trp-flag-image\" src=\"https:\/\/www.robustex.com.tr\/wp-content\/plugins\/translatepress-multilingual\/assets\/images\/flags\/en_US.png\" width=\"18\" height=\"12\" alt=\"en_US\" title=\"English\"> EN\t\t<\/a>\n                    <a href=\"https:\/\/www.robustex.com.tr\/wp-json\/wp\/v2\/pages\/1042\/\" title=\"Turkish\">\n            <img decoding=\"async\" class=\"trp-flag-image\" src=\"https:\/\/www.robustex.com.tr\/wp-content\/plugins\/translatepress-multilingual\/assets\/images\/flags\/tr_TR.png\" width=\"18\" height=\"12\" alt=\"tr_TR\" title=\"Turkish\"> TR        <\/a>\n\n        <\/div>\n    <script type=\"application\/javascript\">\n        \/\/ need to have the same with set from JS on both divs. Otherwise it can push stuff around in HTML\n        var trp_ls_shortcodes = document.querySelectorAll('.trp_language_switcher_shortcode .trp-language-switcher');\n        if ( trp_ls_shortcodes.length > 0) {\n            \/\/ get the last language switcher added\n            var trp_el = trp_ls_shortcodes[trp_ls_shortcodes.length - 1];\n\n            var trp_shortcode_language_item = trp_el.querySelector( '.trp-ls-shortcode-language' )\n            \/\/ set width\n            var trp_ls_shortcode_width                                               = trp_shortcode_language_item.offsetWidth + 16;\n            trp_shortcode_language_item.style.width                                  = trp_ls_shortcode_width + 'px';\n            trp_el.querySelector( '.trp-ls-shortcode-current-language' ).style.width = trp_ls_shortcode_width + 'px';\n\n            \/\/ We're putting this on display: none after we have its width.\n            trp_shortcode_language_item.style.display = 'none';\n        }\n    <\/script>\n<\/div>\n<\/div>\t\t\t\t\t\t<\/div>\n\t\t\t\t<\/div>\n\t\t\t\t\t<\/div>\n\t\t<\/div>\n\t\t\t\t\t<\/div>\n\t\t<\/section>\n\t\t\t\t<section class=\"elementor-section elementor-top-section elementor-element elementor-element-603e5d9e elementor-section-full_width elementor-section-stretched elementor-section-height-default elementor-section-height-default\" data-id=\"603e5d9e\" data-element_type=\"section\" data-settings=\"{&quot;background_background&quot;:&quot;classic&quot;,&quot;stretch_section&quot;:&quot;section-stretched&quot;,&quot;_ha_eqh_enable&quot;:false}\">\n\t\t\t\t\t\t\t<div class=\"elementor-background-overlay\"><\/div>\n\t\t\t\t\t\t\t<div class=\"elementor-container elementor-column-gap-default\">\n\t\t\t\t\t<div class=\"elementor-column elementor-col-50 elementor-top-column elementor-element elementor-element-23102ee6\" data-id=\"23102ee6\" data-element_type=\"column\">\n\t\t\t<div class=\"elementor-widget-wrap elementor-element-populated\">\n\t\t\t\t\t\t<div class=\"elementor-element elementor-element-66056c2 premium-title-color elementor-widget elementor-widget-premium-addon-title\" data-id=\"66056c2\" data-element_type=\"widget\" data-widget_type=\"premium-addon-title.default\">\n\t\t\t\t<div class=\"elementor-widget-container\">\n\t\t\t\r\n\t\t<div class=\"premium-title-container style1\">\r\n\t\t\t<h2 class=\"premium-title-header premium-title-style1\">\r\n\t\t\t\t\r\n\t\t\t\t\r\n\t\t\t\t\t\t\t\t\t\t\t\t<span class=\"premium-title-text\" >\r\n\t\t\t\t\tRB Led Lineer Lighting Fixtures\t\t\t\t<\/span>\r\n\t\t\t\t\t\r\n\t\t\t\t\t\t\t\t\t\t\t<\/h2>\r\n\t\t<\/div>\r\n\r\n\t\t\t\t<\/div>\n\t\t\t\t<\/div>\n\t\t\t\t\t<\/div>\n\t\t<\/div>\n\t\t\t\t<div class=\"elementor-column elementor-col-50 elementor-top-column elementor-element elementor-element-f082005\" data-id=\"f082005\" data-element_type=\"column\">\n\t\t\t<div class=\"elementor-widget-wrap\">\n\t\t\t\t\t\t\t<\/div>\n\t\t<\/div>\n\t\t\t\t\t<\/div>\n\t\t<\/section>\n\t\t\t\t<section class=\"elementor-section elementor-top-section elementor-element elementor-element-26cc40f5 elementor-section-content-middle elementor-section-full_width elementor-section-stretched elementor-section-height-default elementor-section-height-default\" data-id=\"26cc40f5\" data-element_type=\"section\" data-settings=\"{&quot;stretch_section&quot;:&quot;section-stretched&quot;,&quot;_ha_eqh_enable&quot;:false}\">\n\t\t\t\t\t\t<div class=\"elementor-container elementor-column-gap-default\">\n\t\t\t\t\t<div class=\"elementor-column elementor-col-50 elementor-top-column elementor-element elementor-element-eefa044\" data-id=\"eefa044\" data-element_type=\"column\">\n\t\t\t<div class=\"elementor-widget-wrap elementor-element-populated\">\n\t\t\t\t\t\t<div class=\"elementor-element elementor-element-7d849b41 elementor-widget elementor-widget-heading\" data-id=\"7d849b41\" data-element_type=\"widget\" data-widget_type=\"heading.default\">\n\t\t\t\t<div class=\"elementor-widget-container\">\n\t\t\t<h2 class=\"elementor-heading-title elementor-size-default\">RB LED<\/h2>\t\t<\/div>\n\t\t\t\t<\/div>\n\t\t\t\t<div class=\"elementor-element elementor-element-597a7699 ha-css-transform-yes elementor-hidden-tablet elementor-hidden-phone elementor-widget elementor-widget-heading\" data-id=\"597a7699\" data-element_type=\"widget\" data-widget_type=\"heading.default\">\n\t\t\t\t<div class=\"elementor-widget-container\">\n\t\t\t<span class=\"elementor-heading-title elementor-size-large\">ZONE 1 \/ ZONE 2<\/span>\t\t<\/div>\n\t\t\t\t<\/div>\n\t\t\t\t\t<\/div>\n\t\t<\/div>\n\t\t\t\t<div class=\"elementor-column elementor-col-50 elementor-top-column elementor-element elementor-element-c6de065\" data-id=\"c6de065\" data-element_type=\"column\">\n\t\t\t<div class=\"elementor-widget-wrap elementor-element-populated\">\n\t\t\t\t\t\t<div class=\"elementor-element elementor-element-2654cef elementor-widget elementor-widget-image\" data-id=\"2654cef\" data-element_type=\"widget\" data-widget_type=\"image.default\">\n\t\t\t\t<div class=\"elementor-widget-container\">\n\t\t\t\t\t\t\t\t\t\t\t\t\t<img decoding=\"async\" src=\"https:\/\/karenelectrical.co.uk\/wp-content\/uploads\/2021\/04\/IMG_17863-1-e1582864975935.jpg\" title=\"\" alt=\"\" loading=\"lazy\" \/>\t\t\t\t\t\t\t\t\t\t\t\t\t<\/div>\n\t\t\t\t<\/div>\n\t\t\t\t<div class=\"elementor-element elementor-element-2ce94746 elementor-widget elementor-widget-text-editor\" data-id=\"2ce94746\" data-element_type=\"widget\" data-widget_type=\"text-editor.default\">\n\t\t\t\t<div class=\"elementor-widget-container\">\n\t\t\t\t\t\t\t<p>MODEL: RB LED<br \/>BRAND: ROBUSTEX Electrical Co.Ltd<br \/>PRODUCT: EXPROOF LED LINEER LIGHTING FIXTURES(NORMAL &amp; EMERGENCY TYPE)<br \/>POWER: 1x25W ; 1X30W ; 2X25W ; 2X30W ; 1X50W ; 2X50W Normal and Emergency Services<\/p><p>ATEX&amp;IECEX MARKING For Normal Service:<\/p><p>II 2G Ex e mb o p is IIC T4 Gb (EN\/IEC60079-0; -18; -28; -7)<\/p><p>II 2DEx tb IIIC T135 Db<\/p><p>IECEX CERTIFICATE: IECEx EXV 17.0029X<\/p><p>ATEX CERTIFICATE : ExVeritas 17 ATEX 0288 X<\/p><p>ATEX LABELLING For Models With Emergency Kits<\/p><p>II 2G Ex db eb mb op is IIC T4 Gb<\/p><p>II 2D Ex tb IIIC T135 Db<\/p><p>ATEX CERTIFICATE : ExVeritas 19 ATEX 0449 X<\/p><p>TECHNICAL FEATURES<\/p><p>INTENDED USE : Zone-1 \/ Zone-21 \/ Zone-2 \/ Zone-22<\/p><p>AMBIENT TEMPERATURE RANGE (Tamb:-20\u00b0C To +55\u00b0C)<\/p>\t\t\t\t\t\t<\/div>\n\t\t\t\t<\/div>\n\t\t\t\t\t<\/div>\n\t\t<\/div>\n\t\t\t\t\t<\/div>\n\t\t<\/section>\n\t\t\t\t<section class=\"elementor-section elementor-top-section elementor-element elementor-element-c6eb326 elementor-section-content-middle elementor-section-full_width elementor-section-stretched elementor-section-height-default elementor-section-height-default\" data-id=\"c6eb326\" data-element_type=\"section\" data-settings=\"{&quot;stretch_section&quot;:&quot;section-stretched&quot;,&quot;_ha_eqh_enable&quot;:false}\">\n\t\t\t\t\t\t<div class=\"elementor-container elementor-column-gap-default\">\n\t\t\t\t\t<div class=\"elementor-column elementor-col-100 elementor-top-column elementor-element elementor-element-2867a45\" data-id=\"2867a45\" data-element_type=\"column\">\n\t\t\t<div class=\"elementor-widget-wrap elementor-element-populated\">\n\t\t\t\t\t\t<div class=\"elementor-element elementor-element-6957e58 elementor-widget elementor-widget-heading\" data-id=\"6957e58\" data-element_type=\"widget\" data-widget_type=\"heading.default\">\n\t\t\t\t<div class=\"elementor-widget-container\">\n\t\t\t<h1 class=\"elementor-heading-title elementor-size-large\">Certificates &amp; Catalogues<\/h1>\t\t<\/div>\n\t\t\t\t<\/div>\n\t\t\t\t\t<\/div>\n\t\t<\/div>\n\t\t\t\t\t<\/div>\n\t\t<\/section>\n\t\t\t\t<section class=\"elementor-section elementor-top-section elementor-element elementor-element-08fcef7 elementor-section-content-middle elementor-section-full_width elementor-section-stretched elementor-section-height-default elementor-section-height-default\" data-id=\"08fcef7\" data-element_type=\"section\" data-settings=\"{&quot;stretch_section&quot;:&quot;section-stretched&quot;,&quot;_ha_eqh_enable&quot;:false}\">\n\t\t\t\t\t\t<div class=\"elementor-container elementor-column-gap-default\">\n\t\t\t\t\t<div class=\"elementor-column elementor-col-50 elementor-top-column elementor-element elementor-element-a4e6a03\" data-id=\"a4e6a03\" data-element_type=\"column\">\n\t\t\t<div class=\"elementor-widget-wrap\">\n\t\t\t\t\t\t\t<\/div>\n\t\t<\/div>\n\t\t\t\t<div class=\"elementor-column elementor-col-50 elementor-top-column elementor-element elementor-element-8dc143a\" data-id=\"8dc143a\" data-element_type=\"column\">\n\t\t\t<div class=\"elementor-widget-wrap elementor-element-populated\">\n\t\t\t\t\t\t<div class=\"elementor-element elementor-element-e6b333d elementor-widget elementor-widget-button\" data-id=\"e6b333d\" data-element_type=\"widget\" data-widget_type=\"button.default\">\n\t\t\t\t<div class=\"elementor-widget-container\">\n\t\t\t\t\t<div class=\"elementor-button-wrapper\">\n\t\t\t<a class=\"elementor-button elementor-button-link elementor-size-sm\" href=\"https:\/\/www.robustex.com.tr\/wp-content\/uploads\/2021\/09\/IECEX-CERTIFICATE-OF-RB-LED.pdf\" target=\"_blank\">\n\t\t\t\t\t\t<span class=\"elementor-button-content-wrapper\">\n\t\t\t\t\t\t<span class=\"elementor-button-icon elementor-align-icon-right\">\n\t\t\t\t<i aria-hidden=\"true\" class=\"fas fa-download\"><\/i>\t\t\t<\/span>\n\t\t\t\t\t\t<span class=\"elementor-button-text\">IECEX CERTIFICATE OF RB LED<\/span>\n\t\t<\/span>\n\t\t\t\t\t<\/a>\n\t\t<\/div>\n\t\t\t\t<\/div>\n\t\t\t\t<\/div>\n\t\t\t\t<div class=\"elementor-element elementor-element-3953c00 elementor-widget elementor-widget-button\" data-id=\"3953c00\" data-element_type=\"widget\" data-widget_type=\"button.default\">\n\t\t\t\t<div class=\"elementor-widget-container\">\n\t\t\t\t\t<div class=\"elementor-button-wrapper\">\n\t\t\t<a class=\"elementor-button elementor-button-link elementor-size-sm\" href=\"https:\/\/www.robustex.com.tr\/wp-content\/uploads\/2021\/09\/RB-LED-UPDATED-ATEX-CERTIFICATE.pdf\" target=\"_blank\">\n\t\t\t\t\t\t<span class=\"elementor-button-content-wrapper\">\n\t\t\t\t\t\t<span class=\"elementor-button-icon elementor-align-icon-right\">\n\t\t\t\t<i aria-hidden=\"true\" class=\"fas fa-download\"><\/i>\t\t\t<\/span>\n\t\t\t\t\t\t<span class=\"elementor-button-text\">ATEX CERTIFICATE OF RB LED<\/span>\n\t\t<\/span>\n\t\t\t\t\t<\/a>\n\t\t<\/div>\n\t\t\t\t<\/div>\n\t\t\t\t<\/div>\n\t\t\t\t<div class=\"elementor-element elementor-element-ea0d1e5 elementor-widget elementor-widget-button\" data-id=\"ea0d1e5\" data-element_type=\"widget\" data-widget_type=\"button.default\">\n\t\t\t\t<div class=\"elementor-widget-container\">\n\t\t\t\t\t<div class=\"elementor-button-wrapper\">\n\t\t\t<a class=\"elementor-button elementor-button-link elementor-size-sm\" href=\"https:\/\/www.robustex.com.tr\/wp-content\/uploads\/2021\/09\/RB-LED-CATALOG.pdf\" target=\"_blank\">\n\t\t\t\t\t\t<span class=\"elementor-button-content-wrapper\">\n\t\t\t\t\t\t<span class=\"elementor-button-icon elementor-align-icon-right\">\n\t\t\t\t<i aria-hidden=\"true\" class=\"fas fa-download\"><\/i>\t\t\t<\/span>\n\t\t\t\t\t\t<span class=\"elementor-button-text\">RB LED CATALOGUE<\/span>\n\t\t<\/span>\n\t\t\t\t\t<\/a>\n\t\t<\/div>\n\t\t\t\t<\/div>\n\t\t\t\t<\/div>\n\t\t\t\t\t<\/div>\n\t\t<\/div>\n\t\t\t\t\t<\/div>\n\t\t<\/section>\n\t\t\t\t<section class=\"elementor-section elementor-top-section elementor-element elementor-element-dcd8909 elementor-hidden-desktop elementor-section-boxed elementor-section-height-default elementor-section-height-default\" data-id=\"dcd8909\" data-element_type=\"section\" data-settings=\"{&quot;_ha_eqh_enable&quot;:false}\">\n\t\t\t\t\t\t<div class=\"elementor-container elementor-column-gap-default\">\n\t\t\t\t\t<div class=\"elementor-column elementor-col-100 elementor-top-column elementor-element elementor-element-473cb48\" data-id=\"473cb48\" data-element_type=\"column\">\n\t\t\t<div class=\"elementor-widget-wrap elementor-element-populated\">\n\t\t\t\t\t\t<div class=\"elementor-element elementor-element-0be5e52 elementor-widget elementor-widget-spacer\" data-id=\"0be5e52\" data-element_type=\"widget\" data-widget_type=\"spacer.default\">\n\t\t\t\t<div class=\"elementor-widget-container\">\n\t\t\t\t\t<div class=\"elementor-spacer\">\n\t\t\t<div class=\"elementor-spacer-inner\"><\/div>\n\t\t<\/div>\n\t\t\t\t<\/div>\n\t\t\t\t<\/div>\n\t\t\t\t\t<\/div>\n\t\t<\/div>\n\t\t\t\t\t<\/div>\n\t\t<\/section>\n\t\t\t\t<\/div>","protected":false},"excerpt":{"rendered":"<p>RB Led Lineer Ayd\u0131nlatma \u00dcr\u00fcnleri RB LED ZONE 1 \/ ZONE 2 MODEL: RB LEDMARKA: ROBUSTEX Electrik Ltd\u00dcR\u00dcN: EXPROOF LED AYDINLATMA(NORMAL &amp; AC\u0130L DURUM K\u0130TL\u0130)G\u00dc\u00c7: 1x25W ; 1X30W ; 2X25W ; 2X30W ; 1X50W ; 2X50W Normal Ve Acil Durum Kitli ATEX&amp;IECEX \u0130\u015eARET\u0130 Normal Tip \u0130\u00e7in: II 2G Ex e mb o p is IIC [&hellip;]<\/p>","protected":false},"author":2,"featured_media":0,"parent":937,"menu_order":0,"comment_status":"closed","ping_status":"closed","template":"elementor_header_footer","meta":{"footnotes":""},"yoast_head":"<!-- This site is optimized with the Yoast SEO plugin v16.9 - https:\/\/yoast.com\/wordpress\/plugins\/seo\/ -->\n<title>RB Led Linear Led Lighting Fixtures - Robustex<\/title>\n<meta name=\"robots\" content=\"index, follow, max-snippet:-1, max-image-preview:large, max-video-preview:-1\" \/>\n<link rel=\"canonical\" href=\"https:\/\/www.robustex.com.tr\/en\/urunler\/rb-led-ex-proof-linear-lighting-fixture\/rb-led-linear-led-aydinlatma\/\" \/>\n<meta property=\"og:locale\" content=\"en_US\" \/>\n<meta property=\"og:type\" content=\"article\" \/>\n<meta property=\"og:title\" content=\"RB Led Linear Led Lighting Fixtures - Robustex\" \/>\n<meta property=\"og:description\" content=\"RB Led Lineer Ayd\u0131nlatma \u00dcr\u00fcnleri RB LED ZONE 1 \/ ZONE 2 MODEL: RB LEDMARKA: ROBUSTEX Electrik Ltd\u00dcR\u00dcN: EXPROOF LED AYDINLATMA(NORMAL &amp; AC\u0130L DURUM K\u0130TL\u0130)G\u00dc\u00c7: 1x25W ; 1X30W ; 2X25W ; 2X30W ; 1X50W ; 2X50W Normal Ve Acil Durum Kitli ATEX&amp;IECEX \u0130\u015eARET\u0130 Normal Tip \u0130\u00e7in: II 2G Ex e mb o p is IIC [&hellip;]\" \/>\n<meta property=\"og:url\" content=\"https:\/\/www.robustex.com.tr\/en\/urunler\/rb-led-ex-proof-linear-lighting-fixture\/rb-led-linear-led-aydinlatma\/\" \/>\n<meta property=\"og:site_name\" content=\"Robustex\" \/>\n<meta property=\"article:modified_time\" content=\"2021-09-14T10:19:04+00:00\" \/>\n<meta property=\"og:image\" content=\"https:\/\/karenelectrical.co.uk\/wp-content\/uploads\/2021\/04\/IMG_17863-1-e1582864975935.jpg\" \/>\n<meta name=\"twitter:card\" content=\"summary_large_image\" \/>\n<meta name=\"twitter:label1\" content=\"Est. reading time\" \/>\n\t<meta name=\"twitter:data1\" content=\"1 minute\" \/>\n<script type=\"application\/ld+json\" class=\"yoast-schema-graph\">{\"@context\":\"https:\/\/schema.org\",\"@graph\":[{\"@type\":\"WebSite\",\"@id\":\"https:\/\/www.robustex.com.tr\/#website\",\"url\":\"https:\/\/www.robustex.com.tr\/\",\"name\":\"Robustex\",\"description\":\"\",\"potentialAction\":[{\"@type\":\"SearchAction\",\"target\":{\"@type\":\"EntryPoint\",\"urlTemplate\":\"https:\/\/www.robustex.com.tr\/?s={search_term_string}\"},\"query-input\":\"required name=search_term_string\"}],\"inLanguage\":\"en-US\"},{\"@type\":\"ImageObject\",\"@id\":\"https:\/\/www.robustex.com.tr\/urunler\/rb-led-ex-proof-linear-lighting-fixture\/rb-led-linear-led-aydinlatma\/#primaryimage\",\"inLanguage\":\"en-US\",\"url\":\"https:\/\/karenelectrical.co.uk\/wp-content\/uploads\/2021\/04\/IMG_17863-1-e1582864975935.jpg\",\"contentUrl\":\"https:\/\/karenelectrical.co.uk\/wp-content\/uploads\/2021\/04\/IMG_17863-1-e1582864975935.jpg\"},{\"@type\":\"WebPage\",\"@id\":\"https:\/\/www.robustex.com.tr\/urunler\/rb-led-ex-proof-linear-lighting-fixture\/rb-led-linear-led-aydinlatma\/#webpage\",\"url\":\"https:\/\/www.robustex.com.tr\/urunler\/rb-led-ex-proof-linear-lighting-fixture\/rb-led-linear-led-aydinlatma\/\",\"name\":\"RB Led Linear Led Lighting Fixtures - Robustex\",\"isPartOf\":{\"@id\":\"https:\/\/www.robustex.com.tr\/#website\"},\"primaryImageOfPage\":{\"@id\":\"https:\/\/www.robustex.com.tr\/urunler\/rb-led-ex-proof-linear-lighting-fixture\/rb-led-linear-led-aydinlatma\/#primaryimage\"},\"datePublished\":\"2021-08-11T05:52:22+00:00\",\"dateModified\":\"2021-09-14T10:19:04+00:00\",\"breadcrumb\":{\"@id\":\"https:\/\/www.robustex.com.tr\/urunler\/rb-led-ex-proof-linear-lighting-fixture\/rb-led-linear-led-aydinlatma\/#breadcrumb\"},\"inLanguage\":\"en-US\",\"potentialAction\":[{\"@type\":\"ReadAction\",\"target\":[\"https:\/\/www.robustex.com.tr\/urunler\/rb-led-ex-proof-linear-lighting-fixture\/rb-led-linear-led-aydinlatma\/\"]}]},{\"@type\":\"BreadcrumbList\",\"@id\":\"https:\/\/www.robustex.com.tr\/urunler\/rb-led-ex-proof-linear-lighting-fixture\/rb-led-linear-led-aydinlatma\/#breadcrumb\",\"itemListElement\":[{\"@type\":\"ListItem\",\"position\":1,\"name\":\"Anasayfa\",\"item\":\"https:\/\/www.robustex.com.tr\/\"},{\"@type\":\"ListItem\",\"position\":2,\"name\":\"\\u00dcr\\u00fcnler\",\"item\":\"https:\/\/www.robustex.com.tr\/urunler\/\"},{\"@type\":\"ListItem\",\"position\":3,\"name\":\"Ex-Proof Linear Led Lighting Fixtures\",\"item\":\"https:\/\/www.robustex.com.tr\/urunler\/rb-led-ex-proof-linear-lighting-fixture\/\"},{\"@type\":\"ListItem\",\"position\":4,\"name\":\"RB Led Linear Led Lighting Fixtures\"}]}]}<\/script>\n<!-- \/ Yoast SEO plugin. -->","yoast_head_json":{"title":"RB Led Linear Led Lighting Fixtures - Robustex","robots":{"index":"index","follow":"follow","max-snippet":"max-snippet:-1","max-image-preview":"max-image-preview:large","max-video-preview":"max-video-preview:-1"},"canonical":"https:\/\/www.robustex.com.tr\/en\/urunler\/rb-led-ex-proof-linear-lighting-fixture\/rb-led-linear-led-aydinlatma\/","og_locale":"en_US","og_type":"article","og_title":"RB Led Linear Led Lighting Fixtures - Robustex","og_description":"RB Led Lineer Ayd\u0131nlatma \u00dcr\u00fcnleri RB LED ZONE 1 \/ ZONE 2 MODEL: RB LEDMARKA: ROBUSTEX Electrik Ltd\u00dcR\u00dcN: EXPROOF LED AYDINLATMA(NORMAL &amp; AC\u0130L DURUM K\u0130TL\u0130)G\u00dc\u00c7: 1x25W ; 1X30W ; 2X25W ; 2X30W ; 1X50W ; 2X50W Normal Ve Acil Durum Kitli ATEX&amp;IECEX \u0130\u015eARET\u0130 Normal Tip \u0130\u00e7in: II 2G Ex e mb o p is IIC [&hellip;]","og_url":"https:\/\/www.robustex.com.tr\/en\/urunler\/rb-led-ex-proof-linear-lighting-fixture\/rb-led-linear-led-aydinlatma\/","og_site_name":"Robustex","article_modified_time":"2021-09-14T10:19:04+00:00","og_image":[{"url":"https:\/\/karenelectrical.co.uk\/wp-content\/uploads\/2021\/04\/IMG_17863-1-e1582864975935.jpg"}],"twitter_card":"summary_large_image","twitter_misc":{"Est. reading time":"1 minute"},"schema":{"@context":"https:\/\/schema.org","@graph":[{"@type":"WebSite","@id":"https:\/\/www.robustex.com.tr\/#website","url":"https:\/\/www.robustex.com.tr\/","name":"Robustex","description":"","potentialAction":[{"@type":"SearchAction","target":{"@type":"EntryPoint","urlTemplate":"https:\/\/www.robustex.com.tr\/?s={search_term_string}"},"query-input":"required name=search_term_string"}],"inLanguage":"en-US"},{"@type":"ImageObject","@id":"https:\/\/www.robustex.com.tr\/urunler\/rb-led-ex-proof-linear-lighting-fixture\/rb-led-linear-led-aydinlatma\/#primaryimage","inLanguage":"en-US","url":"https:\/\/karenelectrical.co.uk\/wp-content\/uploads\/2021\/04\/IMG_17863-1-e1582864975935.jpg","contentUrl":"https:\/\/karenelectrical.co.uk\/wp-content\/uploads\/2021\/04\/IMG_17863-1-e1582864975935.jpg"},{"@type":"WebPage","@id":"https:\/\/www.robustex.com.tr\/urunler\/rb-led-ex-proof-linear-lighting-fixture\/rb-led-linear-led-aydinlatma\/#webpage","url":"https:\/\/www.robustex.com.tr\/urunler\/rb-led-ex-proof-linear-lighting-fixture\/rb-led-linear-led-aydinlatma\/","name":"RB Led Linear Led Lighting Fixtures - Robustex","isPartOf":{"@id":"https:\/\/www.robustex.com.tr\/#website"},"primaryImageOfPage":{"@id":"https:\/\/www.robustex.com.tr\/urunler\/rb-led-ex-proof-linear-lighting-fixture\/rb-led-linear-led-aydinlatma\/#primaryimage"},"datePublished":"2021-08-11T05:52:22+00:00","dateModified":"2021-09-14T10:19:04+00:00","breadcrumb":{"@id":"https:\/\/www.robustex.com.tr\/urunler\/rb-led-ex-proof-linear-lighting-fixture\/rb-led-linear-led-aydinlatma\/#breadcrumb"},"inLanguage":"en-US","potentialAction":[{"@type":"ReadAction","target":["https:\/\/www.robustex.com.tr\/urunler\/rb-led-ex-proof-linear-lighting-fixture\/rb-led-linear-led-aydinlatma\/"]}]},{"@type":"BreadcrumbList","@id":"https:\/\/www.robustex.com.tr\/urunler\/rb-led-ex-proof-linear-lighting-fixture\/rb-led-linear-led-aydinlatma\/#breadcrumb","itemListElement":[{"@type":"ListItem","position":1,"name":"Anasayfa","item":"https:\/\/www.robustex.com.tr\/"},{"@type":"ListItem","position":2,"name":"\u00dcr\u00fcnler","item":"https:\/\/www.robustex.com.tr\/urunler\/"},{"@type":"ListItem","position":3,"name":"Ex-Proof Linear Led Lighting Fixtures","item":"https:\/\/www.robustex.com.tr\/urunler\/rb-led-ex-proof-linear-lighting-fixture\/"},{"@type":"ListItem","position":4,"name":"RB Led Linear Led Lighting Fixtures"}]}]}},"_links":{"self":[{"href":"https:\/\/www.robustex.com.tr\/en\/wp-json\/wp\/v2\/pages\/1042"}],"collection":[{"href":"https:\/\/www.robustex.com.tr\/en\/wp-json\/wp\/v2\/pages"}],"about":[{"href":"https:\/\/www.robustex.com.tr\/en\/wp-json\/wp\/v2\/types\/page"}],"author":[{"embeddable":true,"href":"https:\/\/www.robustex.com.tr\/en\/wp-json\/wp\/v2\/users\/2"}],"replies":[{"embeddable":true,"href":"https:\/\/www.robustex.com.tr\/en\/wp-json\/wp\/v2\/comments?post=1042"}],"version-history":[{"count":28,"href":"https:\/\/www.robustex.com.tr\/en\/wp-json\/wp\/v2\/pages\/1042\/revisions"}],"predecessor-version":[{"id":3968,"href":"https:\/\/www.robustex.com.tr\/en\/wp-json\/wp\/v2\/pages\/1042\/revisions\/3968"}],"up":[{"embeddable":true,"href":"https:\/\/www.robustex.com.tr\/en\/wp-json\/wp\/v2\/pages\/937"}],"wp:attachment":[{"href":"https:\/\/www.robustex.com.tr\/en\/wp-json\/wp\/v2\/media?parent=1042"}],"curies":[{"name":"wp","href":"https:\/\/api.w.org\/{rel}","templated":true}]}}